{"id":1194,"date":"2023-07-19T14:21:07","date_gmt":"2023-07-19T12:21:07","guid":{"rendered":"https:\/\/beachwheelseurope.com\/?page_id=1194"},"modified":"2024-03-06T13:22:30","modified_gmt":"2024-03-06T12:22:30","slug":"comparativa-de-carros-de-motos-de-agua","status":"publish","type":"page","link":"https:\/\/beachwheelseurope.com\/en\/comparison-of-cars-for-paddle-surfing-2\/","title":{"rendered":"Jet Ski Dollies Comparison"},"content":{"rendered":"<style>.elementor-1194 .elementor-element.elementor-element-fdeea5c{margin-top:50px;margin-bottom:20px;}.elementor-1194 .elementor-element.elementor-element-555cf64{text-align:center;}.elementor-1194 .elementor-element.elementor-element-96f4501{margin-top:0px;margin-bottom:20px;}<\/style>\t\t<div data-elementor-type=\"wp-page\" data-elementor-id=\"1194\" class=\"elementor elementor-1194\" data-elementor-post-type=\"page\">\n\t\t\t\t\t\t<section class=\"elementor-section elementor-top-section elementor-element elementor-element-fdeea5c elementor-section-boxed elementor-section-height-default elementor-section-height-default\" data-id=\"fdeea5c\" data-element_type=\"section\">\n\t\t\t\t\t\t<div class=\"elementor-container elementor-column-gap-default\">\n\t\t\t\t\t<div class=\"elementor-column elementor-col-100 elementor-top-column elementor-element elementor-element-8c39396\" data-id=\"8c39396\" data-element_type=\"column\">\n\t\t\t<div class=\"elementor-widget-wrap elementor-element-populated\">\n\t\t\t\t\t\t<div class=\"elementor-element elementor-element-555cf64 elementor-widget elementor-widget-heading\" data-id=\"555cf64\" data-element_type=\"widget\" data-widget_type=\"heading.default\">\n\t\t\t\t<div class=\"elementor-widget-container\">\n\t\t\t\t\t<h3 class=\"elementor-heading-title elementor-size-default\">Compare all Jet Ski Cars<\/h3>\t\t\t\t<\/div>\n\t\t\t\t<\/div>\n\t\t\t\t<div class=\"elementor-element elementor-element-a6d320f elementor-widget elementor-widget-text-editor\" data-id=\"a6d320f\" data-element_type=\"widget\" data-widget_type=\"text-editor.default\">\n\t\t\t\t<div class=\"elementor-widget-container\">\n\t\t\t\t\t\t\t\t\t<div class=\"elementor-element elementor-element-74dda97 elementor-hidden-tablet elementor-hidden-mobile elementor-widget elementor-widget-heading\" data-id=\"74dda97\" data-element_type=\"widget\" data-widget_type=\"heading.default\"><div class=\"elementor-widget-container\"><p class=\"elementor-heading-title elementor-size-default translation-block\" style=\"text-align: center;\">Wheel<em>eez\u2122<\/em> jet ski dollies are the perfect solution for getting your jet ski to and from the beach or lake. The (optional) ATV hitch kits allow you to easily tow it across the sand, with a quad.<\/p><\/div><\/div>\t\t\t\t\t\t\t\t<\/div>\n\t\t\t\t<\/div>\n\t\t\t\t\t<\/div>\n\t\t<\/div>\n\t\t\t\t\t<\/div>\n\t\t<\/section>\n\t\t\t\t<section class=\"elementor-section elementor-top-section elementor-element elementor-element-96f4501 elementor-section-boxed elementor-section-height-default elementor-section-height-default\" data-id=\"96f4501\" data-element_type=\"section\">\n\t\t\t\t\t\t<div class=\"elementor-container elementor-column-gap-default\">\n\t\t\t\t\t<div class=\"elementor-column elementor-col-100 elementor-top-column elementor-element elementor-element-af3a041\" data-id=\"af3a041\" data-element_type=\"column\">\n\t\t\t<div class=\"elementor-widget-wrap elementor-element-populated\">\n\t\t\t\t\t\t<div class=\"elementor-element elementor-element-d29f034 elementor-widget elementor-widget-shortcode\" data-id=\"d29f034\" data-element_type=\"widget\" data-widget_type=\"shortcode.default\">\n\t\t\t\t<div class=\"elementor-widget-container\">\n\t\t\t\t\t\t\t<div class=\"elementor-shortcode\"><div class=\"wptb-container-legacy\" data-table-id=\"1199\">\n    <table class=\"wptb-preview-table wptb-element-main-table_setting-1037\" style=\"border: 1px solid rgb(209, 209, 209);\" data-reconstraction=\"1\" data-wptb-table-tds-sum-max-width=\"526.6666499999999\" data-wptb-cells-width-auto-count=\"4\" data-wptb-horizontal-scroll-status=\"false\" data-wptb-extra-styles=\"dGJvZHkgdHI6bm90KDpmaXJzdC1jaGlsZCkgdGQ6Zmlyc3QtY2hpbGQgewogIGJhY2tncm91bmQtY29sb3I6ICNmZmU5ZTM7Cn0KCnRhYmxlIHRib2R5IHRyewogYmFja2dyb3VuZC1jb2xvcjogd2hpdGU7IAp9\" role=\"table\" data-wptb-header-background-color=\"#FFFFFFFF\" data-wptb-even-row-background-color=\"#DEF4FAFF\" data-wptb-odd-row-background-color=\"#FFFFFFFF\" data-table-columns=\"4\"><tbody><tr class=\"wptb-row\" style=\"background-color: rgb(255, 255, 255);\"><td class=\"wptb-cell\" data-y-index=\"0\" data-x-index=\"0\" style=\"border: 1px solid rgb(209, 209, 209);\" data-wptb-css-td-auto-width=\"true\"><\/td><td class=\"wptb-cell\" data-y-index=\"0\" data-x-index=\"1\" style=\"border: 1px solid rgb(209, 209, 209);\" data-wptb-css-td-auto-width=\"true\"><div class=\"wptb-image-container wptb-ph-element wptb-element-image-1\" data-wptb-image-alignment=\"center\"><div class=\"wptb-image-wrapper\">            <span class=\"wptb-link-target\" style=\"float: none; width: 70%;\">                                <img fetchpriority=\"high\" decoding=\"async\" class=\"wptb-image-element-target\" style=\"width: 100%;\" src=\"\/\/beachwheelseurope.com\/wp-content\/uploads\/2023\/07\/0-removebg-preview.png\" width=\"562\" height=\"319\">            <\/span>        <\/div><\/div><\/td><td class=\"wptb-cell\" data-y-index=\"0\" data-x-index=\"2\" style=\"border: 1px solid rgb(209, 209, 209);\" data-wptb-css-td-auto-width=\"true\"><div class=\"wptb-image-container wptb-ph-element wptb-element-image-2\" data-wptb-image-alignment=\"center\"><div class=\"wptb-image-wrapper\">            <span class=\"wptb-link-target\" style=\"float: none; width: 100%;\">                                <img decoding=\"async\" class=\"wptb-image-element-target\" style=\"width: 100%;\" src=\"\/\/beachwheelseurope.com\/wp-content\/uploads\/2023\/07\/2-removebg-preview-5.png\" width=\"800\" height=\"265\">            <\/span>        <\/div><\/div><\/td><td class=\"wptb-cell\" data-y-index=\"0\" data-x-index=\"3\" style=\"border: 1px solid rgb(209, 209, 209);\" data-wptb-css-td-auto-width=\"true\"><div class=\"wptb-image-container wptb-ph-element wptb-element-image-3\" data-wptb-image-alignment=\"center\"><div class=\"wptb-image-wrapper\">            <span class=\"wptb-link-target\" style=\"float: none; width: 100%;\">                                <img decoding=\"async\" class=\"wptb-image-element-target\" style=\"width: 100%;\" src=\"\/\/beachwheelseurope.com\/wp-content\/uploads\/2023\/07\/3-removebg-preview-4.png\" width=\"635\" height=\"284\">            <\/span>        <\/div><\/div><\/td><\/tr><tr class=\"wptb-row\" style=\"--hover-bg-color: undefined; background-color: rgb(222, 244, 250);\"><td class=\"wptb-cell\" data-y-index=\"1\" data-x-index=\"0\" style=\"border: 1px solid rgb(209, 209, 209);\" data-wptb-css-td-auto-width=\"true\"><div class=\"wptb-text-container wptb-ph-element wptb-element-text-602\" style=\"color: rgb(0, 0, 0); font-size: 15px;\"><div class=\"\" style=\"position: relative;\" data-dl-input-translation=\"true\"><p style=\"text-align: left;\" class=\" translation-block\">Name<br>and product code<\/p><\/div><deepl-inline-translate style=\"z-index: 1999999999;\"><\/deepl-inline-translate><\/div><\/td><td class=\"wptb-cell\" data-y-index=\"1\" data-x-index=\"1\" style=\"border: 1px solid rgb(209, 209, 209);\" data-wptb-css-td-auto-width=\"true\"><div class=\"wptb-text-container wptb-ph-element wptb-element-text-603\" style=\"color: rgb(0, 0, 0); font-size: 15px;\"><div class=\"\" style=\"position: relative;\" data-dl-input-translation=\"true\"><p style=\"text-align: center;\">Jet Ski Dolly D12<br>WZ1-D12<\/p><\/div><deepl-inline-translate style=\"z-index: 1999999999;\"><\/deepl-inline-translate><\/div><\/td><td class=\"wptb-cell\" data-y-index=\"1\" data-x-index=\"2\" style=\"border: 1px solid rgb(209, 209, 209);\" data-wptb-css-td-auto-width=\"true\"><div class=\"wptb-text-container wptb-ph-element wptb-element-text-604\" style=\"color: rgb(0, 0, 0); font-size: 15px;\"><div class=\"\" style=\"position: relative;\" data-dl-input-translation=\"true\"><p style=\"text-align: center;\">Jet Ski Dolly D24<br>WZ1-D24<\/p><\/div><deepl-inline-translate style=\"z-index: 1999999999;\"><\/deepl-inline-translate><\/div><\/td><td class=\"wptb-cell\" data-y-index=\"1\" data-x-index=\"3\" style=\"border: 1px solid rgb(209, 209, 209);\" data-wptb-css-td-auto-width=\"true\"><div class=\"wptb-text-container wptb-ph-element wptb-element-text-605\" style=\"color: rgb(0, 0, 0); font-size: 15px;\"><div class=\"\" style=\"position: relative;\" data-dl-input-translation=\"true\"><p style=\"text-align: center;\">Jet Ski Dolly D36<br>WZ1-D36<\/p><\/div><deepl-inline-translate style=\"z-index: 1999999999;\"><\/deepl-inline-translate><\/div><\/td><\/tr><tr class=\"wptb-row\" style=\"--hover-bg-color: undefined; background-color: rgb(255, 255, 255);\"><td class=\"wptb-cell\" data-y-index=\"2\" data-x-index=\"0\" style=\"border: 1px solid rgb(209, 209, 209);\" data-wptb-css-td-auto-width=\"true\"><div class=\"wptb-text-container wptb-ph-element wptb-element-text-607\" style=\"color: rgb(0, 0, 0); font-size: 15px;\"><div class=\"\" style=\"position: relative;\" data-dl-input-translation=\"true\"><p style=\"text-align: left;\">Payload Capacity<\/p><\/div><deepl-inline-translate style=\"z-index: 1999999999;\"><\/deepl-inline-translate><\/div><\/td><td class=\"wptb-cell\" data-y-index=\"2\" data-x-index=\"1\" style=\"border: 1px solid rgb(209, 209, 209);\" data-wptb-css-td-auto-width=\"true\"><div class=\"wptb-text-container wptb-ph-element wptb-element-text-608\" style=\"color: rgb(0, 0, 0); font-size: 15px;\"><div class=\"\" style=\"position: relative;\" data-dl-input-translation=\"true\"><p style=\"text-align: center;\">230 kg<\/p><\/div><deepl-inline-translate style=\"z-index: 1999999999;\"><\/deepl-inline-translate><\/div><\/td><td class=\"wptb-cell\" data-y-index=\"2\" data-x-index=\"2\" style=\"border: 1px solid rgb(209, 209, 209);\" data-wptb-css-td-auto-width=\"true\"><div class=\"wptb-text-container wptb-ph-element wptb-element-text-609\" style=\"color: rgb(0, 0, 0); font-size: 15px;\"><div class=\"\" style=\"position: relative;\" data-dl-input-translation=\"true\"><p style=\"text-align: center;\">350 kg<\/p><\/div><deepl-inline-translate style=\"z-index: 1999999999;\"><\/deepl-inline-translate><\/div><\/td><td class=\"wptb-cell\" data-y-index=\"2\" data-x-index=\"3\" style=\"border: 1px solid rgb(209, 209, 209);\" data-wptb-css-td-auto-width=\"true\"><div class=\"wptb-text-container wptb-ph-element wptb-element-text-610\" style=\"color: rgb(0, 0, 0); font-size: 15px;\"><div class=\"\" style=\"position: relative;\" data-dl-input-translation=\"true\"><p style=\"text-align: center;\">550 kg<\/p><\/div><deepl-inline-translate style=\"z-index: 1999999999;\"><\/deepl-inline-translate><\/div><\/td><\/tr><tr class=\"wptb-row\" style=\"--hover-bg-color: undefined; background-color: rgb(222, 244, 250);\"><td class=\"wptb-cell\" data-y-index=\"3\" data-x-index=\"0\" style=\"border: 1px solid rgb(209, 209, 209);\" data-wptb-css-td-auto-width=\"true\"><div class=\"wptb-text-container wptb-ph-element wptb-element-text-612\" style=\"color: rgb(0, 0, 0); font-size: 15px;\"><div class=\"\" style=\"position: relative;\" data-dl-input-translation=\"true\"><p style=\"text-align: left;\">Weight w\/wheels<\/p><\/div><deepl-inline-translate style=\"z-index: 1999999999;\"><\/deepl-inline-translate><\/div><\/td><td class=\"wptb-cell\" data-y-index=\"3\" data-x-index=\"1\" style=\"border: 1px solid rgb(209, 209, 209);\" data-wptb-css-td-auto-width=\"true\"><div class=\"wptb-text-container wptb-ph-element wptb-element-text-613\" style=\"color: rgb(0, 0, 0); font-size: 15px;\"><div class=\"\" style=\"position: relative;\" data-dl-input-translation=\"true\"><p style=\"text-align: center;\">33.6 kg<\/p><\/div><deepl-inline-translate style=\"z-index: 1999999999;\"><\/deepl-inline-translate><\/div><\/td><td class=\"wptb-cell\" data-y-index=\"3\" data-x-index=\"2\" style=\"border: 1px solid rgb(209, 209, 209);\" data-wptb-css-td-auto-width=\"true\"><div class=\"wptb-text-container wptb-ph-element wptb-element-text-614\" style=\"color: rgb(0, 0, 0); font-size: 15px;\"><div class=\"\" style=\"position: relative;\" data-dl-input-translation=\"true\"><p style=\"text-align: center;\">48.5 kg<\/p><\/div><deepl-inline-translate style=\"z-index: 1999999999;\"><\/deepl-inline-translate><\/div><\/td><td class=\"wptb-cell\" data-y-index=\"3\" data-x-index=\"3\" style=\"border: 1px solid rgb(209, 209, 209);\" data-wptb-css-td-auto-width=\"true\"><div class=\"wptb-text-container wptb-ph-element wptb-element-text-615\" style=\"color: rgb(0, 0, 0); font-size: 15px;\"><div class=\"\" style=\"position: relative;\" data-dl-input-translation=\"true\"><p style=\"text-align: center;\">64 kg<\/p><\/div><deepl-inline-translate style=\"z-index: 1999999999;\"><\/deepl-inline-translate><\/div><\/td><\/tr><tr class=\"wptb-row\" style=\"--hover-bg-color: undefined; background-color: rgb(255, 255, 255);\"><td class=\"wptb-cell\" data-y-index=\"4\" data-x-index=\"0\" style=\"border: 1px solid rgb(209, 209, 209);\" data-wptb-css-td-auto-width=\"true\"><div class=\"wptb-text-container wptb-ph-element wptb-element-text-617\" style=\"color: rgb(0, 0, 0); font-size: 15px;\"><div class=\"\" style=\"position: relative;\" data-dl-input-translation=\"true\"><p style=\"text-align: left;\">Dimensions<\/p><\/div><deepl-inline-translate style=\"z-index: 1999999999;\"><\/deepl-inline-translate><\/div><\/td><td class=\"wptb-cell\" data-y-index=\"4\" data-x-index=\"1\" style=\"border: 1px solid rgb(209, 209, 209);\" data-wptb-css-td-auto-width=\"true\"><div class=\"wptb-text-container wptb-ph-element wptb-element-text-618\" style=\"color: rgb(0, 0, 0); font-size: 15px;\"><div class=\"\" style=\"position: relative;\" data-dl-input-translation=\"true\"><p style=\"text-align: center;\">63.5 x 114 x 49.5 cm<\/p><\/div><deepl-inline-translate style=\"z-index: 1999999999;\"><\/deepl-inline-translate><\/div><\/td><td class=\"wptb-cell\" data-y-index=\"4\" data-x-index=\"2\" style=\"border: 1px solid rgb(209, 209, 209);\" data-wptb-css-td-auto-width=\"true\"><div class=\"wptb-text-container wptb-ph-element wptb-element-text-619\" style=\"color: rgb(0, 0, 0); font-size: 15px;\"><div class=\"\" style=\"position: relative;\" data-dl-input-translation=\"true\"><p style=\"text-align: center;\">125.5 x 114 x 49.5 cm<\/p><\/div><deepl-inline-translate style=\"z-index: 1999999999;\"><\/deepl-inline-translate><\/div><\/td><td class=\"wptb-cell\" data-y-index=\"4\" data-x-index=\"3\" style=\"border: 1px solid rgb(209, 209, 209);\" data-wptb-css-td-auto-width=\"true\"><div class=\"wptb-text-container wptb-ph-element wptb-element-text-620\" style=\"color: rgb(0, 0, 0); font-size: 15px;\"><div class=\"\" style=\"position: relative;\" data-dl-input-translation=\"true\"><p style=\"text-align: center;\">172 x 114 x 49.5 cm<\/p><\/div><deepl-inline-translate style=\"z-index: 1999999999;\"><\/deepl-inline-translate><\/div><\/td><\/tr><tr class=\"wptb-row\" style=\"--hover-bg-color: undefined; background-color: rgb(222, 244, 250);\"><td class=\"wptb-cell\" data-y-index=\"5\" data-x-index=\"0\" style=\"border: 1px solid rgb(209, 209, 209);\" data-wptb-css-td-auto-width=\"true\"><div class=\"wptb-text-container wptb-ph-element wptb-element-text-622\" style=\"color: rgb(0, 0, 0); font-size: 15px;\"><div class=\"\" style=\"position: relative;\" data-dl-input-translation=\"true\"><p style=\"text-align: left;\">Materials<\/p><\/div><deepl-inline-translate style=\"z-index: 1999999999;\"><\/deepl-inline-translate><\/div><\/td><td class=\"wptb-cell\" data-y-index=\"5\" data-x-index=\"1\" style=\"border: 1px solid rgb(209, 209, 209);\" data-wptb-css-td-auto-width=\"true\"><div class=\"wptb-text-container wptb-ph-element wptb-element-text-623\" style=\"color: rgb(0, 0, 0); font-size: 15px;\"><div class=\"\" style=\"position: relative;\" data-dl-input-translation=\"true\"><p style=\"text-align: center;\">Marine grade anodized aluminum. Stainless steel hardware.<\/p><\/div><deepl-inline-translate style=\"z-index: 1999999999;\"><\/deepl-inline-translate><\/div><\/td><td class=\"wptb-cell\" data-y-index=\"5\" data-x-index=\"2\" style=\"border: 1px solid rgb(209, 209, 209);\" data-wptb-css-td-auto-width=\"true\"><div class=\"wptb-text-container wptb-ph-element wptb-element-text-631\" style=\"color: rgb(0, 0, 0); font-size: 15px;\"><div class=\"\" style=\"position: relative;\" data-dl-input-translation=\"true\"><p style=\"text-align: center;\">Marine grade anodized aluminum. Stainless steel hardware.<\/p><\/div><deepl-inline-translate style=\"z-index: 1999999999;\"><\/deepl-inline-translate><\/div><\/td><td class=\"wptb-cell\" data-y-index=\"5\" data-x-index=\"3\" style=\"border: 1px solid rgb(209, 209, 209);\" data-wptb-css-td-auto-width=\"true\"><div class=\"wptb-text-container wptb-ph-element wptb-element-text-632\" style=\"color: rgb(0, 0, 0); font-size: 15px;\"><div class=\"\" style=\"position: relative;\" data-dl-input-translation=\"true\"><p style=\"text-align: center;\">Marine grade anodized aluminum. Stainless steel hardware.<\/p><\/div><deepl-inline-translate style=\"z-index: 1999999999;\"><\/deepl-inline-translate><\/div><\/td><\/tr><tr class=\"wptb-row\" style=\"--hover-bg-color: undefined; background-color: rgb(255, 255, 255);\"><td class=\"wptb-cell\" data-y-index=\"6\" data-x-index=\"0\" style=\"border: 1px solid rgb(209, 209, 209);\" data-wptb-css-td-auto-width=\"true\"><div class=\"wptb-text-container wptb-ph-element wptb-element-text-627\" style=\"color: rgb(0, 0, 0); font-size: 15px;\"><div class=\"\" style=\"position: relative;\" data-dl-input-translation=\"true\"><p>Wheel Type<\/p><\/div><deepl-inline-translate style=\"z-index: 1999999999;\"><\/deepl-inline-translate><\/div><\/td><td class=\"wptb-cell\" data-y-index=\"6\" data-x-index=\"1\" style=\"border: 1px solid rgb(209, 209, 209);\" data-wptb-css-td-auto-width=\"true\"><div class=\"wptb-text-container wptb-ph-element wptb-element-text-628\" style=\"color: rgb(0, 0, 0); font-size: 15px;\"><div class=\"\" style=\"position: relative;\" data-dl-input-translation=\"true\"><p style=\"text-align: center;\">49cm Low Pressure Balloon Wheels<\/p><\/div><deepl-inline-translate style=\"z-index: 1999999999;\"><\/deepl-inline-translate><\/div><\/td><td class=\"wptb-cell\" data-y-index=\"6\" data-x-index=\"2\" style=\"border: 1px solid rgb(209, 209, 209);\" data-wptb-css-td-auto-width=\"true\"><div class=\"wptb-text-container wptb-ph-element wptb-element-text-629\" style=\"color: rgb(0, 0, 0); font-size: 15px;\"><div class=\"\" style=\"position: relative;\" data-dl-input-translation=\"true\"><p style=\"text-align: center;\">49cm Low Pressure Balloon Wheels<\/p><\/div><deepl-inline-translate style=\"z-index: 1999999999;\"><\/deepl-inline-translate><\/div><\/td><td class=\"wptb-cell\" data-y-index=\"6\" data-x-index=\"3\" style=\"border: 1px solid rgb(209, 209, 209);\" data-wptb-css-td-auto-width=\"true\"><div class=\"wptb-text-container wptb-ph-element wptb-element-text-630\" style=\"color: rgb(0, 0, 0); font-size: 15px;\"><div class=\"\" style=\"position: relative;\" data-dl-input-translation=\"true\"><p style=\"text-align: center;\">49cm Low Pressure Balloon Wheels<\/p><\/div><deepl-inline-translate style=\"z-index: 1999999999;\"><\/deepl-inline-translate><\/div><\/td><\/tr><\/tbody><\/table>\n<\/div>\n<\/div>\n\t\t\t\t\t\t<\/div>\n\t\t\t\t<\/div>\n\t\t\t\t\t<\/div>\n\t\t<\/div>\n\t\t\t\t\t<\/div>\n\t\t<\/section>\n\t\t\t\t<\/div>","protected":false},"excerpt":{"rendered":"<p>Compara todos los Carros de MotoS de Agua Las carros de motos de agua Wheeleez\u2122 son la soluci\u00f3n perfecta para llevar tu moto de agua hacia y desde la playa o el lago. Los kits de enganche (opcionales) para veh\u00edculos todo terreno, permiten remolcarlo f\u00e1cilmente por la arena, con un quad.<\/p>","protected":false},"author":2,"featured_media":0,"parent":0,"menu_order":0,"comment_status":"closed","ping_status":"closed","template":"","meta":{"_acf_changed":false,"_joinchat":[],"footnotes":""},"rueda":[],"class_list":["post-1194","page","type-page","status-publish","hentry"],"acf":[],"_links":{"self":[{"href":"https:\/\/beachwheelseurope.com\/en\/wp-json\/wp\/v2\/pages\/1194","targetHints":{"allow":["GET"]}}],"collection":[{"href":"https:\/\/beachwheelseurope.com\/en\/wp-json\/wp\/v2\/pages"}],"about":[{"href":"https:\/\/beachwheelseurope.com\/en\/wp-json\/wp\/v2\/types\/page"}],"author":[{"embeddable":true,"href":"https:\/\/beachwheelseurope.com\/en\/wp-json\/wp\/v2\/users\/2"}],"replies":[{"embeddable":true,"href":"https:\/\/beachwheelseurope.com\/en\/wp-json\/wp\/v2\/comments?post=1194"}],"version-history":[{"count":0,"href":"https:\/\/beachwheelseurope.com\/en\/wp-json\/wp\/v2\/pages\/1194\/revisions"}],"wp:attachment":[{"href":"https:\/\/beachwheelseurope.com\/en\/wp-json\/wp\/v2\/media?parent=1194"}],"wp:term":[{"taxonomy":"rueda","embeddable":true,"href":"https:\/\/beachwheelseurope.com\/en\/wp-json\/wp\/v2\/rueda?post=1194"}],"curies":[{"name":"wp","href":"https:\/\/api.w.org\/{rel}","templated":true}]}}