{"id":126,"date":"2023-03-30T07:17:13","date_gmt":"2023-03-30T07:17:13","guid":{"rendered":"https:\/\/beachwheelseurope.com\/?page_id=126"},"modified":"2024-03-06T13:17:09","modified_gmt":"2024-03-06T12:17:09","slug":"preguntas-frecuentes","status":"publish","type":"page","link":"https:\/\/beachwheelseurope.com\/en\/frequent-questions\/","title":{"rendered":"FAQ"},"content":{"rendered":"<style>.elementor-126 .elementor-element.elementor-element-413fc0c:not(.elementor-motion-effects-element-type-background), .elementor-126 .elementor-element.elementor-element-413fc0c > .elementor-motion-effects-container > .elementor-motion-effects-layer{background-image:url(\"https:\/\/beachwheelseurope.com\/wp-content\/uploads\/2023\/03\/woman-buys-dishes-in-the-store.jpg\");background-position:center center;background-size:cover;}.elementor-126 .elementor-element.elementor-element-413fc0c > .elementor-background-overlay{background-color:#000000;opacity:0.7;transition:background 0.3s, border-radius 0.3s, opacity 0.3s;}.elementor-126 .elementor-element.elementor-element-413fc0c{transition:background 0.3s, border 0.3s, border-radius 0.3s, box-shadow 0.3s;padding:120px 0px 120px 0px;}.elementor-126 .elementor-element.elementor-element-7dbd1b57{text-align:center;}.elementor-126 .elementor-element.elementor-element-7dbd1b57 .elementor-heading-title{font-family:var( --e-global-typography-e1c9823-font-family ), Sans-serif;font-size:var( --e-global-typography-e1c9823-font-size );font-weight:var( --e-global-typography-e1c9823-font-weight );text-transform:var( --e-global-typography-e1c9823-text-transform );line-height:var( --e-global-typography-e1c9823-line-height );letter-spacing:var( --e-global-typography-e1c9823-letter-spacing );color:#FFFFFF;}.elementor-126 .elementor-element.elementor-element-46d08803 > .elementor-container{max-width:1290px;}.elementor-126 .elementor-element.elementor-element-46d08803{padding:100px 0px 100px 0px;}.elementor-126 .elementor-element.elementor-element-56a420df > .elementor-container{max-width:1290px;}.elementor-126 .elementor-element.elementor-element-56a420df{margin-top:0px;margin-bottom:70px;}.elementor-126 .elementor-element.elementor-element-245a2103 > .elementor-element-populated, .elementor-126 .elementor-element.elementor-element-245a2103 > .elementor-element-populated > .elementor-background-overlay, .elementor-126 .elementor-element.elementor-element-245a2103 > .elementor-background-slideshow{border-radius:0px 0px 0px 0px;}.elementor-126 .elementor-element.elementor-element-245a2103 > .elementor-element-populated{margin:0px 0px 0px 0px;--e-column-margin-right:0px;--e-column-margin-left:0px;padding:0px 30px 0px 0px;}.elementor-bc-flex-widget .elementor-126 .elementor-element.elementor-element-33deec00.elementor-column .elementor-widget-wrap{align-items:flex-start;}.elementor-126 .elementor-element.elementor-element-33deec00.elementor-column.elementor-element[data-element_type=\"column\"] > .elementor-widget-wrap.elementor-element-populated{align-content:flex-start;align-items:flex-start;}.elementor-126 .elementor-element.elementor-element-33deec00 > .elementor-element-populated{padding:40px 60px 0px 20px;}.elementor-126 .elementor-element.elementor-element-4727bdce{width:auto;max-width:auto;text-align:start;}.elementor-126 .elementor-element.elementor-element-4727bdce .elementor-heading-title{font-family:var( --e-global-typography-f09bb54-font-family ), Sans-serif;font-size:var( --e-global-typography-f09bb54-font-size );font-weight:var( --e-global-typography-f09bb54-font-weight );text-transform:var( --e-global-typography-f09bb54-text-transform );line-height:var( --e-global-typography-f09bb54-line-height );letter-spacing:var( --e-global-typography-f09bb54-letter-spacing );}.elementor-126 .elementor-element.elementor-element-325d90c1{--divider-border-style:solid;--divider-color:var( --e-global-color-0bfd716 );--divider-border-width:1px;width:var( --container-widget-width, 394px );max-width:394px;--container-widget-width:394px;--container-widget-flex-grow:0;align-self:center;}.elementor-126 .elementor-element.elementor-element-325d90c1 > .elementor-widget-container{margin:0px 0px 0px 20px;}.elementor-126 .elementor-element.elementor-element-325d90c1 .elementor-divider-separator{width:100%;}.elementor-126 .elementor-element.elementor-element-325d90c1 .elementor-divider{padding-block-start:15px;padding-block-end:15px;}.elementor-126 .elementor-element.elementor-element-3f0a38ab .jeg-elementor-kit.jkit-accordion .card-wrapper.expand .card-header:not(.background-gradient) .card-header-button, .elementor-126 .elementor-element.elementor-element-3f0a38ab .jeg-elementor-kit.jkit-accordion .card-wrapper .card-header.background-gradient:after{background-color:var( --e-global-color-0bfd716 );}.elementor-126 .elementor-element.elementor-element-3f0a38ab .jeg-elementor-kit.jkit-accordion .card-wrapper .card-header:not(.background-gradient) .card-header-button, .elementor-126 .elementor-element.elementor-element-3f0a38ab .jeg-elementor-kit.jkit-accordion .card-wrapper .card-header.background-gradient:before{background-color:#FFFFFF;}.elementor-126 .elementor-element.elementor-element-3f0a38ab .jeg-elementor-kit.jkit-accordion .card-wrapper .card-header .card-header-button{font-family:var( --e-global-typography-6ac6b02-font-family ), Sans-serif;font-size:var( --e-global-typography-6ac6b02-font-size );font-weight:var( --e-global-typography-6ac6b02-font-weight );line-height:var( --e-global-typography-6ac6b02-line-height );margin-bottom:0px;}.elementor-126 .elementor-element.elementor-element-3f0a38ab .jeg-elementor-kit.jkit-accordion .card-wrapper.expand .card-header .card-header-button{color:var( --e-global-color-accent );}.elementor-126 .elementor-element.elementor-element-3f0a38ab .jeg-elementor-kit.jkit-accordion .card-wrapper:not(.expand) .card-header .card-header-button{color:var( --e-global-color-accent );border-style:solid;border-width:1px 0px 0px 0px;border-color:var( --e-global-color-0bfd716 );}.elementor-126 .elementor-element.elementor-element-3f0a38ab .jeg-elementor-kit.jkit-accordion .card-expand .card-body{color:var( --e-global-color-text );font-family:var( --e-global-typography-text-font-family ), Sans-serif;font-size:var( --e-global-typography-text-font-size );font-weight:var( --e-global-typography-text-font-weight );padding:30px 80px 20px 70px;}.elementor-126 .elementor-element.elementor-element-3f0a38ab .jeg-elementor-kit.jkit-accordion .card-wrapper{border-style:solid;border-width:0px 0px 0px 0px;border-color:var( --e-global-color-0bfd716 );border-radius:0px 0px 0px 0px;}.elementor-126 .elementor-element.elementor-element-3f0a38ab .jeg-elementor-kit.jkit-accordion .card-wrapper .card-header .card-header-button [class*=\"icon-group\"] .active-icon{color:#C70101;}.elementor-126 .elementor-element.elementor-element-3f0a38ab .jeg-elementor-kit.jkit-accordion .card-wrapper .card-header .card-header-button [class*=\"icon-group\"] .active-icon svg{fill:#C70101;}.elementor-126 .elementor-element.elementor-element-3f0a38ab .jeg-elementor-kit.jkit-accordion .card-wrapper .card-header .card-header-button [class*=\"icon-group\"] .normal-icon{color:#C70101;}.elementor-126 .elementor-element.elementor-element-3f0a38ab .jeg-elementor-kit.jkit-accordion .card-wrapper .card-header .card-header-button [class*=\"icon-group\"] .normal-icon svg{fill:#C70101;}:root{--page-title-display:none;}@media(max-width:1024px){.elementor-126 .elementor-element.elementor-element-7dbd1b57 .elementor-heading-title{font-size:var( --e-global-typography-e1c9823-font-size );line-height:var( --e-global-typography-e1c9823-line-height );letter-spacing:var( --e-global-typography-e1c9823-letter-spacing );}.elementor-126 .elementor-element.elementor-element-7f7db6dc > .elementor-element-populated{padding:0px 10px 0px 10px;}.elementor-126 .elementor-element.elementor-element-56a420df{padding:0px 0px 0px 0px;}.elementor-126 .elementor-element.elementor-element-245a2103 > .elementor-element-populated{margin:0px 0px 0px 0px;--e-column-margin-right:0px;--e-column-margin-left:0px;padding:0px 0px 0px 0px;}.elementor-126 .elementor-element.elementor-element-4655b69f img{width:100%;}.elementor-126 .elementor-element.elementor-element-33deec00 > .elementor-element-populated{margin:0px 0px 0px 0px;--e-column-margin-right:0px;--e-column-margin-left:0px;padding:40px 0px 40px 0px;}.elementor-126 .elementor-element.elementor-element-4727bdce{width:100%;max-width:100%;}.elementor-126 .elementor-element.elementor-element-4727bdce > .elementor-widget-container{margin:0px 0px 10px 0px;}.elementor-126 .elementor-element.elementor-element-4727bdce .elementor-heading-title{font-size:var( --e-global-typography-f09bb54-font-size );line-height:var( --e-global-typography-f09bb54-line-height );letter-spacing:var( --e-global-typography-f09bb54-letter-spacing );}.elementor-126 .elementor-element.elementor-element-325d90c1{width:100%;max-width:100%;}.elementor-126 .elementor-element.elementor-element-325d90c1 > .elementor-widget-container{margin:0px 0px 0px 0px;padding:0px 0px 0px 0px;}.elementor-126 .elementor-element.elementor-element-325d90c1 .elementor-divider-separator{width:100%;}.elementor-126 .elementor-element.elementor-element-3f0a38ab .jeg-elementor-kit.jkit-accordion .card-wrapper .card-header .card-header-button{font-size:var( --e-global-typography-6ac6b02-font-size );line-height:var( --e-global-typography-6ac6b02-line-height );}.elementor-126 .elementor-element.elementor-element-3f0a38ab .jeg-elementor-kit.jkit-accordion .card-expand .card-body{font-size:var( --e-global-typography-text-font-size );}}@media(max-width:767px){.elementor-126 .elementor-element.elementor-element-7dbd1b57 .elementor-heading-title{font-size:var( --e-global-typography-e1c9823-font-size );line-height:var( --e-global-typography-e1c9823-line-height );letter-spacing:var( --e-global-typography-e1c9823-letter-spacing );}.elementor-126 .elementor-element.elementor-element-33deec00 > .elementor-element-populated{margin:20px 0px 0px 0px;--e-column-margin-right:0px;--e-column-margin-left:0px;}.elementor-126 .elementor-element.elementor-element-4727bdce .elementor-heading-title{font-size:var( --e-global-typography-f09bb54-font-size );line-height:var( --e-global-typography-f09bb54-line-height );letter-spacing:var( --e-global-typography-f09bb54-letter-spacing );}.elementor-126 .elementor-element.elementor-element-325d90c1 > .elementor-widget-container{margin:0px 0px 0px 0px;padding:0px 0px 0px 0px;}.elementor-126 .elementor-element.elementor-element-3f0a38ab .jeg-elementor-kit.jkit-accordion .card-wrapper .card-header .card-header-button{font-size:var( --e-global-typography-6ac6b02-font-size );line-height:var( --e-global-typography-6ac6b02-line-height );}.elementor-126 .elementor-element.elementor-element-3f0a38ab .jeg-elementor-kit.jkit-accordion .card-expand .card-body{font-size:var( --e-global-typography-text-font-size );}}@media(min-width:768px){.elementor-126 .elementor-element.elementor-element-245a2103{width:45%;}.elementor-126 .elementor-element.elementor-element-33deec00{width:55%;}}@media(max-width:1024px) and (min-width:768px){.elementor-126 .elementor-element.elementor-element-245a2103{width:100%;}.elementor-126 .elementor-element.elementor-element-33deec00{width:100%;}}<\/style>\t\t<div data-elementor-type=\"wp-page\" data-elementor-id=\"126\" class=\"elementor elementor-126\" data-elementor-post-type=\"page\">\n\t\t\t\t\t\t<section class=\"elementor-section elementor-top-section elementor-element elementor-element-413fc0c elementor-section-boxed elementor-section-height-default elementor-section-height-default\" data-id=\"413fc0c\" data-element_type=\"section\" data-settings=\"{&quot;background_background&quot;:&quot;classic&quot;}\">\n\t\t\t\t\t\t\t<div class=\"elementor-background-overlay\"><\/div>\n\t\t\t\t\t\t\t<div class=\"elementor-container elementor-column-gap-default\">\n\t\t\t\t\t<div class=\"elementor-column elementor-col-100 elementor-top-column elementor-element elementor-element-297bb6e\" data-id=\"297bb6e\" data-element_type=\"column\">\n\t\t\t<div class=\"elementor-widget-wrap elementor-element-populated\">\n\t\t\t\t\t\t<div class=\"elementor-element elementor-element-7dbd1b57 elementor-widget elementor-widget-heading\" data-id=\"7dbd1b57\" data-element_type=\"widget\" data-widget_type=\"heading.default\">\n\t\t\t\t<div class=\"elementor-widget-container\">\n\t\t\t\t\t<h2 class=\"elementor-heading-title elementor-size-default\">FAQ<\/h2>\t\t\t\t<\/div>\n\t\t\t\t<\/div>\n\t\t\t\t\t<\/div>\n\t\t<\/div>\n\t\t\t\t\t<\/div>\n\t\t<\/section>\n\t\t\t\t<section class=\"elementor-section elementor-top-section elementor-element elementor-element-46d08803 elementor-section-boxed elementor-section-height-default elementor-section-height-default\" data-id=\"46d08803\" data-element_type=\"section\">\n\t\t\t\t\t\t<div class=\"elementor-container elementor-column-gap-no\">\n\t\t\t\t\t<div class=\"elementor-column elementor-col-100 elementor-top-column elementor-element elementor-element-7f7db6dc\" data-id=\"7f7db6dc\" data-element_type=\"column\">\n\t\t\t<div class=\"elementor-widget-wrap elementor-element-populated\">\n\t\t\t\t\t\t<section class=\"elementor-section elementor-inner-section elementor-element elementor-element-56a420df elementor-section-boxed elementor-section-height-default elementor-section-height-default\" data-id=\"56a420df\" data-element_type=\"section\">\n\t\t\t\t\t\t<div class=\"elementor-container elementor-column-gap-no\">\n\t\t\t\t\t<div class=\"elementor-column elementor-col-50 elementor-inner-column elementor-element elementor-element-245a2103\" data-id=\"245a2103\" data-element_type=\"column\">\n\t\t\t<div class=\"elementor-widget-wrap elementor-element-populated\">\n\t\t\t\t\t\t<div class=\"elementor-element elementor-element-4655b69f elementor-widget elementor-widget-image\" data-id=\"4655b69f\" data-element_type=\"widget\" data-widget_type=\"image.default\">\n\t\t\t\t<div class=\"elementor-widget-container\">\n\t\t\t\t\t\t\t\t\t\t\t\t\t\t\t<img fetchpriority=\"high\" decoding=\"async\" width=\"1112\" height=\"1328\" src=\"https:\/\/beachwheelseurope.com\/wp-content\/uploads\/2023\/03\/young-smiling-fashion-consultant-joyfully-giving-shoes-in-box-to-client-in-store-e1617076325537.jpg\" class=\"attachment-full size-full wp-image-50\" alt=\"mujer sonriendo entregando un pedido\" srcset=\"https:\/\/beachwheelseurope.com\/wp-content\/uploads\/2023\/03\/young-smiling-fashion-consultant-joyfully-giving-shoes-in-box-to-client-in-store-e1617076325537.jpg 1112w, https:\/\/beachwheelseurope.com\/wp-content\/uploads\/2023\/03\/young-smiling-fashion-consultant-joyfully-giving-shoes-in-box-to-client-in-store-e1617076325537-600x717.jpg 600w, https:\/\/beachwheelseurope.com\/wp-content\/uploads\/2023\/03\/young-smiling-fashion-consultant-joyfully-giving-shoes-in-box-to-client-in-store-e1617076325537-251x300.jpg 251w, https:\/\/beachwheelseurope.com\/wp-content\/uploads\/2023\/03\/young-smiling-fashion-consultant-joyfully-giving-shoes-in-box-to-client-in-store-e1617076325537-857x1024.jpg 857w, https:\/\/beachwheelseurope.com\/wp-content\/uploads\/2023\/03\/young-smiling-fashion-consultant-joyfully-giving-shoes-in-box-to-client-in-store-e1617076325537-768x917.jpg 768w\" sizes=\"(max-width: 1112px) 100vw, 1112px\" \/>\t\t\t\t\t\t\t\t\t\t\t\t\t\t\t<\/div>\n\t\t\t\t<\/div>\n\t\t\t\t\t<\/div>\n\t\t<\/div>\n\t\t\t\t<div class=\"elementor-column elementor-col-50 elementor-inner-column elementor-element elementor-element-33deec00\" data-id=\"33deec00\" data-element_type=\"column\">\n\t\t\t<div class=\"elementor-widget-wrap elementor-element-populated\">\n\t\t\t\t\t\t<div class=\"elementor-element elementor-element-4727bdce elementor-widget__width-auto elementor-widget-tablet__width-inherit elementor-widget elementor-widget-heading\" data-id=\"4727bdce\" data-element_type=\"widget\" data-widget_type=\"heading.default\">\n\t\t\t\t<div class=\"elementor-widget-container\">\n\t\t\t\t\t<h2 class=\"elementor-heading-title elementor-size-default\">Frequent Questions<\/h2>\t\t\t\t<\/div>\n\t\t\t\t<\/div>\n\t\t\t\t<div class=\"elementor-element elementor-element-325d90c1 elementor-widget__width-initial elementor-widget-tablet__width-inherit elementor-widget-divider--view-line elementor-widget elementor-widget-divider\" data-id=\"325d90c1\" data-element_type=\"widget\" data-widget_type=\"divider.default\">\n\t\t\t\t<div class=\"elementor-widget-container\">\n\t\t\t\t\t\t\t<div class=\"elementor-divider\">\n\t\t\t<span class=\"elementor-divider-separator\">\n\t\t\t\t\t\t<\/span>\n\t\t<\/div>\n\t\t\t\t\t\t<\/div>\n\t\t\t\t<\/div>\n\t\t\t\t<div class=\"elementor-element elementor-element-3f0a38ab elementor-widget elementor-widget-jkit_accordion\" data-id=\"3f0a38ab\" data-element_type=\"widget\" data-widget_type=\"jkit_accordion.default\">\n\t\t\t\t<div class=\"elementor-widget-container\">\n\t\t\t\t\t<div  class=\"jeg-elementor-kit jkit-accordion style-default jeg_module___69e346abeec49\" ><div class=\"card-wrapper expand\">\n                <div class=\"card-header\">\n                    <a href=\"#expand-5c3dceb\" class=\"card-header-button\" aria-expanded=\"false\" data-target=\"#expand-5c3dceb\" aria-controls=\"expand-5c3dceb\">\n                        <div class=\"left-icon-group\">\n                <div class=\"normal-icon\"><i aria-hidden=\"true\" class=\"fas fa-chevron-down\"><\/i><\/div>\n                <div class=\"active-icon\"><i aria-hidden=\"true\" class=\"fas fa-chevron-up\"><\/i><\/div>\n            <\/div><span class=\"title\">Should I lubricate my wheel bearings?<\/span>\n                    <\/a>\n                <\/div>\n                <div class=\"card-expand\" id=\"expand-5c3dceb\" style=\"display:block\"><div class=\"card-body\"><p class=\" translation-block\">It is not necessary to lubricate the Wheel<em>eez<\/em>\u2122 bearings or bushings.<\/p><p>Reason: they are self-lubricating with molybdenum lubricant mixed with the plastic used to mold the bearing and bushings.<\/p><p>Applying oil-based lubricants will attract sand, dirt, grime and grit and generally make things dirty.<\/p><p>Simple, periodic cleaning\/rinsing with a pressure nozzle on a garden hose is sufficient maintenance.<\/p><\/div><\/div>\n            <\/div><div class=\"card-wrapper\">\n                <div class=\"card-header\">\n                    <a href=\"#expand-f31a193\" class=\"card-header-button\" aria-expanded=\"false\" data-target=\"#expand-f31a193\" aria-controls=\"expand-f31a193\">\n                        <div class=\"left-icon-group\">\n                <div class=\"normal-icon\"><i aria-hidden=\"true\" class=\"fas fa-chevron-down\"><\/i><\/div>\n                <div class=\"active-icon\"><i aria-hidden=\"true\" class=\"fas fa-chevron-up\"><\/i><\/div>\n            <\/div><span class=\"title\">Is there a maximum speed limit for the beach cart or kayak cart?<\/span>\n                    <\/a>\n                <\/div>\n                <div class=\"card-expand\" id=\"expand-f31a193\" style=\"display:none\"><div class=\"card-body\"><p>If I decide to tow any of these with a bicycle or scooter, will the bearings or tires wear out?<\/p><p class=\" translation-block\">The answer is simple: it is walking speed. The reason for this is that Wheel<em>eez<\/em>\u2122 wheel bearings or bushings are not high-speed bearings by design. Rather, they are intended as functional bearings\/bushings for heavier loads at slower speeds.<\/p><\/div><\/div>\n            <\/div><div class=\"card-wrapper\">\n                <div class=\"card-header\">\n                    <a href=\"#expand-01e38e9\" class=\"card-header-button\" aria-expanded=\"false\" data-target=\"#expand-01e38e9\" aria-controls=\"expand-01e38e9\">\n                        <div class=\"left-icon-group\">\n                <div class=\"normal-icon\"><i aria-hidden=\"true\" class=\"fas fa-chevron-down\"><\/i><\/div>\n                <div class=\"active-icon\"><i aria-hidden=\"true\" class=\"fas fa-chevron-up\"><\/i><\/div>\n            <\/div><span class=\"title\">What is the right tire pressure for my wheels? Can I inflate my wheels with a hand bicycle pump? What about an air pump at a gas station?<\/span>\n                    <\/a>\n                <\/div>\n                <div class=\"card-expand\" id=\"expand-01e38e9\" style=\"display:none\"><div class=\"card-body\"><p class=\" translation-block\">As indicated on the tire sidewall, the PSI range for Wheel<em>eez<\/em>\u2122 wheels is 2 to 4 psi.<\/p><p>The tires are best inflated with a hand bicycle pump. You can also use any air source, but be careful with compressed air not to overinflate them!<\/p><p class=\" translation-block\">It seems that the natural tendency is to over-inflate the Wheel<em>eez<\/em>\u2122 wheel, which actually reduces its effectiveness when riding over uneven terrain. Keeping your tires at 2-3 PSI will ensure maximum performance.<\/p><p>Note: Automobile tire pressure gauges cannot measure such low pressure. You will need a low pressure gauge.<\/p><\/div><\/div>\n            <\/div><div class=\"card-wrapper\">\n                <div class=\"card-header\">\n                    <a href=\"#expand-b1a6d43\" class=\"card-header-button\" aria-expanded=\"false\" data-target=\"#expand-b1a6d43\" aria-controls=\"expand-b1a6d43\">\n                        <div class=\"left-icon-group\">\n                <div class=\"normal-icon\"><i aria-hidden=\"true\" class=\"fas fa-chevron-down\"><\/i><\/div>\n                <div class=\"active-icon\"><i aria-hidden=\"true\" class=\"fas fa-chevron-up\"><\/i><\/div>\n            <\/div><span class=\"title\">How do I change a Wheeleez\u2122 tire?<\/span>\n                    <\/a>\n                <\/div>\n                <div class=\"card-expand\" id=\"expand-b1a6d43\" style=\"display:none\"><div class=\"card-body\"><p>Detailed instructions are available on our website under the Repair and Maintenance Instructions section.<\/p><\/div><\/div>\n            <\/div><div class=\"card-wrapper\">\n                <div class=\"card-header\">\n                    <a href=\"#expand-c0705e4\" class=\"card-header-button\" aria-expanded=\"false\" data-target=\"#expand-c0705e4\" aria-controls=\"expand-c0705e4\">\n                        <div class=\"left-icon-group\">\n                <div class=\"normal-icon\"><i aria-hidden=\"true\" class=\"fas fa-chevron-down\"><\/i><\/div>\n                <div class=\"active-icon\"><i aria-hidden=\"true\" class=\"fas fa-chevron-up\"><\/i><\/div>\n            <\/div><span class=\"title\">What is the warranty period for the products?<\/span>\n                    <\/a>\n                <\/div>\n                <div class=\"card-expand\" id=\"expand-c0705e4\" style=\"display:none\"><div class=\"card-body\"><p class=\" translation-block\">All Wheel<em>eez<\/em>\u2122 products have a 2-year warranty, provided there is no misuse by the user.<\/p><\/div><\/div>\n            <\/div><div class=\"card-wrapper\">\n                <div class=\"card-header\">\n                    <a href=\"#expand-10bfd48\" class=\"card-header-button\" aria-expanded=\"false\" data-target=\"#expand-10bfd48\" aria-controls=\"expand-10bfd48\">\n                        <div class=\"left-icon-group\">\n                <div class=\"normal-icon\"><i aria-hidden=\"true\" class=\"fas fa-chevron-down\"><\/i><\/div>\n                <div class=\"active-icon\"><i aria-hidden=\"true\" class=\"fas fa-chevron-up\"><\/i><\/div>\n            <\/div><span class=\"title\">What is the delivery time?<\/span>\n                    <\/a>\n                <\/div>\n                <div class=\"card-expand\" id=\"expand-10bfd48\" style=\"display:none\"><div class=\"card-body\"><p>Normally we have most of the products in stock, so once the order is confirmed and paid, the shipment is done in 1 or 2 working days.<\/p><\/div><\/div>\n            <\/div><div class=\"card-wrapper\">\n                <div class=\"card-header\">\n                    <a href=\"#expand-a7932ce\" class=\"card-header-button\" aria-expanded=\"false\" data-target=\"#expand-a7932ce\" aria-controls=\"expand-a7932ce\">\n                        <div class=\"left-icon-group\">\n                <div class=\"normal-icon\"><i aria-hidden=\"true\" class=\"fas fa-chevron-down\"><\/i><\/div>\n                <div class=\"active-icon\"><i aria-hidden=\"true\" class=\"fas fa-chevron-up\"><\/i><\/div>\n            <\/div><span class=\"title\">Can Wheeleez\u2122 tires be repaired in the event of a puncture?<\/span>\n                    <\/a>\n                <\/div>\n                <div class=\"card-expand\" id=\"expand-a7932ce\" style=\"display:none\"><div class=\"card-body\"><p>Detailed instructions are available on our website under the Repair and Maintenance Instructions section.<\/p><\/div><\/div>\n            <\/div><div class=\"card-wrapper\">\n                <div class=\"card-header\">\n                    <a href=\"#expand-5b309bd\" class=\"card-header-button\" aria-expanded=\"false\" data-target=\"#expand-5b309bd\" aria-controls=\"expand-5b309bd\">\n                        <div class=\"left-icon-group\">\n                <div class=\"normal-icon\"><i aria-hidden=\"true\" class=\"fas fa-chevron-down\"><\/i><\/div>\n                <div class=\"active-icon\"><i aria-hidden=\"true\" class=\"fas fa-chevron-up\"><\/i><\/div>\n            <\/div><span class=\"title\">How can I contact you?<\/span>\n                    <\/a>\n                <\/div>\n                <div class=\"card-expand\" id=\"expand-5b309bd\" style=\"display:none\"><div class=\"card-body\"><p>The best way to contact us, is through our<\/p><p class=\" translation-block\">Email:\u00a0\u00a0\u00a0<a href=\"mailto:info@beachwheelseurope.com\" target=\"_self\">info@beachwheelseurope.com<\/a> or by calling Tel: <a href=\"tel:34938892231\" target=\"_self\">  +34 938892231<\/p><\/div><\/div>\n            <\/div><\/div>\t\t\t\t<\/div>\n\t\t\t\t<\/div>\n\t\t\t\t\t<\/div>\n\t\t<\/div>\n\t\t\t\t\t<\/div>\n\t\t<\/section>\n\t\t\t\t\t<\/div>\n\t\t<\/div>\n\t\t\t\t\t<\/div>\n\t\t<\/section>\n\t\t\t\t<\/div>","protected":false},"excerpt":{"rendered":"<p>FAQ Preguntas frecuentes \u00bfDebo lubricar los rodamientos de mis ruedas? No es necesario lubricar los cojinetes o casquillos Wheeleez\u2122. Raz\u00f3n: son auto lubricantes con lubricante de molibdeno mezclado con el pl\u00e1stico utilizado para moldear el cojinete y los bujes. La aplicaci\u00f3n de lubricantes a base de aceite atraer\u00e1 la arena, la suciedad, la mugre y [&hellip;]<\/p>","protected":false},"author":2,"featured_media":0,"parent":0,"menu_order":0,"comment_status":"closed","ping_status":"closed","template":"elementor_theme","meta":{"_acf_changed":false,"_joinchat":[],"footnotes":""},"rueda":[],"class_list":["post-126","page","type-page","status-publish","hentry"],"acf":[],"_links":{"self":[{"href":"https:\/\/beachwheelseurope.com\/en\/wp-json\/wp\/v2\/pages\/126","targetHints":{"allow":["GET"]}}],"collection":[{"href":"https:\/\/beachwheelseurope.com\/en\/wp-json\/wp\/v2\/pages"}],"about":[{"href":"https:\/\/beachwheelseurope.com\/en\/wp-json\/wp\/v2\/types\/page"}],"author":[{"embeddable":true,"href":"https:\/\/beachwheelseurope.com\/en\/wp-json\/wp\/v2\/users\/2"}],"replies":[{"embeddable":true,"href":"https:\/\/beachwheelseurope.com\/en\/wp-json\/wp\/v2\/comments?post=126"}],"version-history":[{"count":0,"href":"https:\/\/beachwheelseurope.com\/en\/wp-json\/wp\/v2\/pages\/126\/revisions"}],"wp:attachment":[{"href":"https:\/\/beachwheelseurope.com\/en\/wp-json\/wp\/v2\/media?parent=126"}],"wp:term":[{"taxonomy":"rueda","embeddable":true,"href":"https:\/\/beachwheelseurope.com\/en\/wp-json\/wp\/v2\/rueda?post=126"}],"curies":[{"name":"wp","href":"https:\/\/api.w.org\/{rel}","templated":true}]}}