{"id":719,"date":"2023-05-31T18:03:22","date_gmt":"2023-05-31T16:03:22","guid":{"rendered":"https:\/\/beachwheelseurope.com\/?post_type=product&#038;p=719"},"modified":"2026-04-18T07:41:18","modified_gmt":"2026-04-18T05:41:18","slug":"kit-eje-con-ruedas-42ub-xl","status":"publish","type":"product","link":"https:\/\/beachwheelseurope.com\/en\/product\/axle-kit-with-wheels-42ub-xl\/","title":{"rendered":"Wheel Axle Kit 42UB XL"},"content":{"rendered":"<p>Wheel Type: 2x 42cm Beach Wheel with 20mm Axle Opening<\/p>\n<p>Payload Capacity: 118 kg<\/p>\n<p>Axle Material: Marine grade anodized aluminum<\/p>\n<p>Axle Length: 20 mm x 101.5 cm<\/p>\n<p>Clearance Between Wheels: 58.9 cm<\/p>\n<p>Hardware Material: Stainless Steel<\/p>\n<p>Add low pressure beach wheels to just about anything. Go from struggling through challenging terrain to gliding over it effortlessly. These Wheel Axle Kits permit easy installation on generators, storage boxes, tools boxes, large coolers, even garbage totes. The Kits are perfect for Do-It-Yourself cart projects and equipment conversions. They will even convert your fishing carts. Fits many popular fishing carts listed below.<\/p>\n<p class=\" translation-block\">The Wheel Axle Kit includes:<br>\n\n2 \u2013 Balloon Wheels<br>\n1 \u2013 Axle<br>\n1 \u2013 Hardware Kit (available separately also)<\/p>","protected":false},"excerpt":{"rendered":"<p>Tipo de rueda: 2x Rueda globo de 42cm, paso de eje de 20mm Capacidad de carga \u00fatil: 118 kg Material del eje: De aluminio anodizado de grado marino Largo del eje: 20 mm x 101.5 cm Separaci\u00f3n entre ruedas: 58.9cm Material de la tornilleria: Acero inoxidable Agrega ruedas globo de baja presi\u00f3n para casi cualquier [&hellip;]<\/p>","protected":false},"featured_media":718,"comment_status":"closed","ping_status":"closed","template":"","meta":{"_acf_changed":false,"_joinchat":[]},"product_brand":[],"product_cat":[43],"product_tag":[],"class_list":{"0":"post-719","1":"product","2":"type-product","3":"status-publish","4":"has-post-thumbnail","6":"product_cat-kit-eje-de-rueda","8":"first","9":"outofstock","10":"taxable","11":"shipping-taxable","12":"purchasable","13":"product-type-simple"},"acf":[],"_links":{"self":[{"href":"https:\/\/beachwheelseurope.com\/en\/wp-json\/wp\/v2\/product\/719","targetHints":{"allow":["GET"]}}],"collection":[{"href":"https:\/\/beachwheelseurope.com\/en\/wp-json\/wp\/v2\/product"}],"about":[{"href":"https:\/\/beachwheelseurope.com\/en\/wp-json\/wp\/v2\/types\/product"}],"replies":[{"embeddable":true,"href":"https:\/\/beachwheelseurope.com\/en\/wp-json\/wp\/v2\/comments?post=719"}],"wp:featuredmedia":[{"embeddable":true,"href":"https:\/\/beachwheelseurope.com\/en\/wp-json\/wp\/v2\/media\/718"}],"wp:attachment":[{"href":"https:\/\/beachwheelseurope.com\/en\/wp-json\/wp\/v2\/media?parent=719"}],"wp:term":[{"taxonomy":"product_brand","embeddable":true,"href":"https:\/\/beachwheelseurope.com\/en\/wp-json\/wp\/v2\/product_brand?post=719"},{"taxonomy":"product_cat","embeddable":true,"href":"https:\/\/beachwheelseurope.com\/en\/wp-json\/wp\/v2\/product_cat?post=719"},{"taxonomy":"product_tag","embeddable":true,"href":"https:\/\/beachwheelseurope.com\/en\/wp-json\/wp\/v2\/product_tag?post=719"}],"curies":[{"name":"wp","href":"https:\/\/api.w.org\/{rel}","templated":true}]}}