{"id":720,"date":"2023-05-31T18:06:00","date_gmt":"2023-05-31T16:06:00","guid":{"rendered":"https:\/\/beachwheelseurope.com\/?post_type=product&#038;p=720"},"modified":"2026-04-18T07:45:22","modified_gmt":"2026-04-18T05:45:22","slug":"kit-eje-con-ruedas-49uc","status":"publish","type":"product","link":"https:\/\/beachwheelseurope.com\/en\/product\/axle-kit-with-wheels-49uc\/","title":{"rendered":"Wheel Axle Kit 49UC"},"content":{"rendered":"<p>Wheel Type: 2x 49cm Beach Wheel with 25.4mm Axle Opening<\/p>\n<p>Payload Capacity: 136 kg<\/p>\n<p>Axle Material: Marine grade anodized aluminum<\/p>\n<p>Axle Length: 25.4 mm x 106.6 cm<\/p>\n<p>Clearance Between Wheels: 62.5 cm<\/p>\n<p>Hardware Material: Stainless Steel<\/p>\n<p>Add low pressure beach wheels to just about anything. Go from struggling through challenging terrain to gliding over it effortlessly. These Wheel Axle Kits permit easy installation on generators, storage boxes, tools boxes, large coolers, even garbage totes. The Kits are perfect for Do-It-Yourself cart projects and equipment conversions. They will even convert your fishing carts. Fits many popular fishing carts listed below.<\/p>\n<p class=\" translation-block\">The Wheel Axle Kit includes:<br>\n\n2 \u2013 Balloon Wheels<br>\n1 \u2013 Axle<br>\n1 \u2013 Hardware Kit (available separately also)<\/p>","protected":false},"excerpt":{"rendered":"<p>Tipo de rueda: 2x\u00a0Rueda globo de 49cm, paso de eje de 25,4mm Capacidad de carga \u00fatil: 136 kg Material del eje: De aluminio anodizado de grado marino Largo del eje: 25.4 mm x 106.6 cm Separaci\u00f3n entre ruedas: 62.5cm Material de la tornilleria: Acero inoxidable Agrega ruedas globo de baja presi\u00f3n para casi cualquier cosa. [&hellip;]<\/p>","protected":false},"featured_media":718,"comment_status":"closed","ping_status":"closed","template":"","meta":{"_acf_changed":false,"_joinchat":[]},"product_brand":[],"product_cat":[43],"product_tag":[],"class_list":{"0":"post-720","1":"product","2":"type-product","3":"status-publish","4":"has-post-thumbnail","6":"product_cat-kit-eje-de-rueda","8":"first","9":"outofstock","10":"taxable","11":"shipping-taxable","12":"purchasable","13":"product-type-simple"},"acf":[],"_links":{"self":[{"href":"https:\/\/beachwheelseurope.com\/en\/wp-json\/wp\/v2\/product\/720","targetHints":{"allow":["GET"]}}],"collection":[{"href":"https:\/\/beachwheelseurope.com\/en\/wp-json\/wp\/v2\/product"}],"about":[{"href":"https:\/\/beachwheelseurope.com\/en\/wp-json\/wp\/v2\/types\/product"}],"replies":[{"embeddable":true,"href":"https:\/\/beachwheelseurope.com\/en\/wp-json\/wp\/v2\/comments?post=720"}],"wp:featuredmedia":[{"embeddable":true,"href":"https:\/\/beachwheelseurope.com\/en\/wp-json\/wp\/v2\/media\/718"}],"wp:attachment":[{"href":"https:\/\/beachwheelseurope.com\/en\/wp-json\/wp\/v2\/media?parent=720"}],"wp:term":[{"taxonomy":"product_brand","embeddable":true,"href":"https:\/\/beachwheelseurope.com\/en\/wp-json\/wp\/v2\/product_brand?post=720"},{"taxonomy":"product_cat","embeddable":true,"href":"https:\/\/beachwheelseurope.com\/en\/wp-json\/wp\/v2\/product_cat?post=720"},{"taxonomy":"product_tag","embeddable":true,"href":"https:\/\/beachwheelseurope.com\/en\/wp-json\/wp\/v2\/product_tag?post=720"}],"curies":[{"name":"wp","href":"https:\/\/api.w.org\/{rel}","templated":true}]}}