{"id":1109,"date":"2023-07-17T17:45:35","date_gmt":"2023-07-17T15:45:35","guid":{"rendered":"https:\/\/beachwheelseurope.com\/?page_id=1109"},"modified":"2024-03-06T13:23:23","modified_gmt":"2024-03-06T12:23:23","slug":"comparativa-carros-de-playa","status":"publish","type":"page","link":"https:\/\/beachwheelseurope.com\/fr\/comparativa-carros-de-playa\/","title":{"rendered":"Comparatif des chariots de plage"},"content":{"rendered":"<style>.elementor-1109 .elementor-element.elementor-element-5e9e58c{margin-top:50px;margin-bottom:20px;}.elementor-1109 .elementor-element.elementor-element-302c6fd{text-align:center;}.elementor-1109 .elementor-element.elementor-element-54576b6{margin-top:0px;margin-bottom:20px;}<\/style>\t\t<div data-elementor-type=\"wp-page\" data-elementor-id=\"1109\" class=\"elementor elementor-1109\" data-elementor-post-type=\"page\">\n\t\t\t\t\t\t<section class=\"elementor-section elementor-top-section elementor-element elementor-element-5e9e58c elementor-section-boxed elementor-section-height-default elementor-section-height-default\" data-id=\"5e9e58c\" data-element_type=\"section\">\n\t\t\t\t\t\t<div class=\"elementor-container elementor-column-gap-default\">\n\t\t\t\t\t<div class=\"elementor-column elementor-col-100 elementor-top-column elementor-element elementor-element-86b24fb\" data-id=\"86b24fb\" data-element_type=\"column\">\n\t\t\t<div class=\"elementor-widget-wrap elementor-element-populated\">\n\t\t\t\t\t\t<div class=\"elementor-element elementor-element-302c6fd elementor-widget elementor-widget-heading\" data-id=\"302c6fd\" data-element_type=\"widget\" data-widget_type=\"heading.default\">\n\t\t\t\t<div class=\"elementor-widget-container\">\n\t\t\t\t\t<h3 class=\"elementor-heading-title elementor-size-default\">Comparez tous les chariots de plage<\/h3>\t\t\t\t<\/div>\n\t\t\t\t<\/div>\n\t\t\t\t<div class=\"elementor-element elementor-element-676831a elementor-widget elementor-widget-text-editor\" data-id=\"676831a\" data-element_type=\"widget\" data-widget_type=\"text-editor.default\">\n\t\t\t\t<div class=\"elementor-widget-container\">\n\t\t\t\t\t\t\t\t\t<div class=\"elementor-element elementor-element-e95d569 elementor-hidden-tablet elementor-hidden-mobile elementor-widget__width-initial elementor-widget elementor-widget-heading\" data-id=\"e95d569\" data-element_type=\"widget\" data-widget_type=\"heading.default\"><div class=\"elementor-widget-container\"><p class=\"elementor-heading-title elementor-size-default translation-block\" style=\"text-align: center;\">Les chariots de plage Wheel<em>eez\u2122<\/em> sont con\u00e7us pour rendre le transport de bateaux, de planches et d\u2019\u00e9quipement sur des plages de sable mou ou des terrains difficiles et exigeants facile et agr\u00e9able.<\/p><\/div><\/div>\t\t\t\t\t\t\t\t<\/div>\n\t\t\t\t<\/div>\n\t\t\t\t\t<\/div>\n\t\t<\/div>\n\t\t\t\t\t<\/div>\n\t\t<\/section>\n\t\t\t\t<section class=\"elementor-section elementor-top-section elementor-element elementor-element-54576b6 elementor-section-boxed elementor-section-height-default elementor-section-height-default\" data-id=\"54576b6\" data-element_type=\"section\">\n\t\t\t\t\t\t<div class=\"elementor-container elementor-column-gap-default\">\n\t\t\t\t\t<div class=\"elementor-column elementor-col-100 elementor-top-column elementor-element elementor-element-f9432ee\" data-id=\"f9432ee\" data-element_type=\"column\">\n\t\t\t<div class=\"elementor-widget-wrap elementor-element-populated\">\n\t\t\t\t\t\t<div class=\"elementor-element elementor-element-3da3bf2 elementor-widget elementor-widget-shortcode\" data-id=\"3da3bf2\" data-element_type=\"widget\" data-widget_type=\"shortcode.default\">\n\t\t\t\t<div class=\"elementor-widget-container\">\n\t\t\t\t\t\t\t<div class=\"elementor-shortcode\"><div class=\"wptb-container-legacy\" data-table-id=\"1105\">\n    <table class=\"wptb-preview-table wptb-element-main-table_setting-1037 edit-active\" style=\"border: 1px solid rgb(209, 209, 209);\" data-reconstraction=\"1\" data-wptb-table-tds-sum-max-width=\"524.583335\" data-wptb-cells-width-auto-count=\"4\" data-wptb-horizontal-scroll-status=\"false\" data-wptb-extra-styles=\"dGJvZHkgdHI6bm90KDpmaXJzdC1jaGlsZCkgdGQ6Zmlyc3QtY2hpbGQgewogIGJhY2tncm91bmQtY29sb3I6ICNmZmU5ZTM7Cn0KCnRhYmxlIHRib2R5IHRyewogYmFja2dyb3VuZC1jb2xvcjogd2hpdGU7IAp9\" role=\"table\" data-wptb-header-background-color=\"#FFFFFFFF\" data-wptb-even-row-background-color=\"#DEF4FAFF\" data-wptb-odd-row-background-color=\"#FFFFFFFF\" data-table-columns=\"4\"><tbody><tr class=\"wptb-row\" style=\"background-color: rgb(255, 255, 255);\"><td class=\"wptb-cell\" data-y-index=\"0\" data-x-index=\"0\" style=\"border: 1px solid rgb(209, 209, 209);\" data-wptb-css-td-auto-width=\"true\"><\/td><td class=\"wptb-cell\" data-y-index=\"0\" data-x-index=\"1\" style=\"border: 1px solid rgb(209, 209, 209);\" data-wptb-css-td-auto-width=\"true\"><div class=\"wptb-image-container wptb-ph-element wptb-element-image-4\" data-wptb-image-alignment=\"center\"><div class=\"wptb-image-wrapper\">            <span class=\"wptb-link-target\" style=\"float: none;\">                                <img fetchpriority=\"high\" decoding=\"async\" class=\"wptb-image-element-target\" src=\"\/\/beachwheelseurope.com\/wp-content\/uploads\/2023\/08\/wz1-bc_1green-500x500-removebg-preview.png\" style=\"width: 100%;\" width=\"500\" height=\"500\">            <\/span>        <\/div><\/div><\/td><td class=\"wptb-cell\" data-y-index=\"0\" data-x-index=\"2\" style=\"border: 1px solid rgb(209, 209, 209);\" data-wptb-css-td-auto-width=\"true\"><div class=\"wptb-image-container wptb-ph-element wptb-element-image-2\" data-wptb-image-alignment=\"center\"><div class=\"wptb-image-wrapper\">            <span class=\"wptb-link-target\" style=\"float: none; width: 70%;\">                                <img decoding=\"async\" class=\"wptb-image-element-target\" style=\"width: 100%;\" src=\"\/\/beachwheelseurope.com\/wp-content\/uploads\/2023\/07\/2-removebg-preview-2.png\" width=\"427\" height=\"584\">            <\/span>        <\/div><\/div><\/td><td class=\"wptb-cell\" data-y-index=\"0\" data-x-index=\"3\" style=\"border: 1px solid rgb(209, 209, 209);\" data-wptb-css-td-auto-width=\"true\"><div class=\"wptb-image-container wptb-ph-element wptb-element-image-3\" data-wptb-image-alignment=\"center\"><div class=\"wptb-image-wrapper\">            <span class=\"wptb-link-target\" style=\"float: none; width: 95%;\">                                <img decoding=\"async\" class=\"wptb-image-element-target\" style=\"width: 100%;\" src=\"\/\/beachwheelseurope.com\/wp-content\/uploads\/2023\/07\/3-removebg-preview.png\" width=\"500\" height=\"500\">            <\/span>        <\/div><\/div><\/td><\/tr><tr class=\"wptb-row\" style=\"--hover-bg-color: undefined; background-color: rgb(222, 244, 250);\"><td class=\"wptb-cell\" data-y-index=\"1\" data-x-index=\"0\" style=\"border: 1px solid rgb(209, 209, 209);\" data-wptb-css-td-auto-width=\"true\"><div class=\"wptb-text-container wptb-ph-element wptb-element-text-602\" style=\"color: rgb(0, 0, 0); font-size: 15px;\"><div class=\"\" style=\"position: relative;\"><p class=\" translation-block\">Nom <br> et code produit<\/p><\/div><\/div><\/td><td class=\"wptb-cell\" data-y-index=\"1\" data-x-index=\"1\" style=\"border: 1px solid rgb(209, 209, 209);\" data-wptb-css-td-auto-width=\"true\"><div class=\"wptb-text-container wptb-ph-element wptb-element-text-603\" style=\"color: rgb(0, 0, 0); font-size: 15px;\"><div class=\"\" style=\"position: relative;\" data-dl-input-translation=\"true\"><p style=\"text-align: center;\">Chariots de plage <br> WZI-BC<\/p><\/div><deepl-inline-translate style=\"z-index: 1999999999;\"><\/deepl-inline-translate><\/div><\/td><td class=\"wptb-cell\" data-y-index=\"1\" data-x-index=\"2\" style=\"border: 1px solid rgb(209, 209, 209);\" data-wptb-css-td-auto-width=\"true\"><div class=\"wptb-text-container wptb-ph-element wptb-element-text-604\" style=\"color: rgb(0, 0, 0); font-size: 15px;\"><div class=\"\" style=\"position: relative;\" data-dl-input-translation=\"true\"><p style=\"text-align: center;\">Chariots de plage pliables <br><\/p><p style=\"text-align: center;\">WZ1-BCF-U<\/p><\/div><deepl-inline-translate style=\"z-index: 1999999999;\"><\/deepl-inline-translate><\/div><\/td><td class=\"wptb-cell\" data-y-index=\"1\" data-x-index=\"3\" style=\"border: 1px solid rgb(209, 209, 209);\" data-wptb-css-td-auto-width=\"true\"><div class=\"wptb-text-container wptb-ph-element wptb-element-text-605\" style=\"color: rgb(0, 0, 0); font-size: 15px;\"><div class=\"\" style=\"position: relative;\" data-dl-input-translation=\"true\"><p style=\"text-align: center;\">Mini chariots de plage pliables <br><\/p><p style=\"text-align: center;\">WZ1-BCFM<\/p><\/div><deepl-inline-translate style=\"z-index: 1999999999;\"><\/deepl-inline-translate><\/div><\/td><\/tr><tr class=\"wptb-row\" style=\"--hover-bg-color: undefined; background-color: rgb(255, 255, 255);\"><td class=\"wptb-cell\" data-y-index=\"2\" data-x-index=\"0\" style=\"border: 1px solid rgb(209, 209, 209);\" data-wptb-css-td-auto-width=\"true\"><div class=\"wptb-text-container wptb-ph-element wptb-element-text-607\" style=\"color: rgb(0, 0, 0); font-size: 15px;\"><div class=\"\" style=\"position: relative;\" data-dl-input-translation=\"true\"><p>Type de roues<\/p><\/div><deepl-inline-translate style=\"z-index: 1999999999;\"><\/deepl-inline-translate><\/div><\/td><td class=\"wptb-cell\" data-y-index=\"2\" data-x-index=\"1\" style=\"border: 1px solid rgb(209, 209, 209);\" data-wptb-css-td-auto-width=\"true\"><div class=\"wptb-text-container wptb-ph-element wptb-element-text-608\" style=\"color: rgb(0, 0, 0); font-size: 15px;\"><div class=\"\" style=\"position: relative;\" data-dl-input-translation=\"true\"><p style=\"text-align: center;\">Roue ballon de plage 42cm&nbsp;<\/p><\/div><deepl-inline-translate style=\"z-index: 1999999999;\"><\/deepl-inline-translate><\/div><\/td><td class=\"wptb-cell\" data-y-index=\"2\" data-x-index=\"2\" style=\"border: 1px solid rgb(209, 209, 209);\" data-wptb-css-td-auto-width=\"true\"><div class=\"wptb-text-container wptb-ph-element wptb-element-text-609\" style=\"color: rgb(0, 0, 0); font-size: 15px;\"><div class=\"\" style=\"position: relative;\" data-dl-input-translation=\"true\"><p style=\"text-align: center;\">Roue ballon de plage 30cm<\/p><\/div><deepl-inline-translate style=\"z-index: 1999999999;\"><\/deepl-inline-translate><\/div><\/td><td class=\"wptb-cell\" data-y-index=\"2\" data-x-index=\"3\" style=\"border: 1px solid rgb(209, 209, 209);\" data-wptb-css-td-auto-width=\"true\"><div class=\"wptb-text-container wptb-ph-element wptb-element-text-610\" style=\"color: rgb(0, 0, 0); font-size: 15px;\"><div class=\"\" style=\"position: relative;\" data-dl-input-translation=\"true\"><p style=\"text-align: center;\">Roue ballon de plage 24cm<\/p><\/div><deepl-inline-translate style=\"z-index: 1999999999;\"><\/deepl-inline-translate><\/div><\/td><\/tr><tr class=\"wptb-row\" style=\"--hover-bg-color: undefined; background-color: rgb(222, 244, 250);\"><td class=\"wptb-cell\" data-y-index=\"3\" data-x-index=\"0\" style=\"border: 1px solid rgb(209, 209, 209);\" data-wptb-css-td-auto-width=\"true\"><div class=\"wptb-text-container wptb-ph-element wptb-element-text-617\" style=\"color: rgb(0, 0, 0); font-size: 15px;\"><div class=\"\" style=\"position: relative;\" data-dl-input-translation=\"true\"><p>Charge maximum<\/p><\/div><deepl-inline-translate style=\"z-index: 1999999999;\"><\/deepl-inline-translate><\/div><\/td><td class=\"wptb-cell\" data-y-index=\"3\" data-x-index=\"1\" style=\"border: 1px solid rgb(209, 209, 209);\" data-wptb-css-td-auto-width=\"true\"><div class=\"wptb-text-container wptb-ph-element wptb-element-text-618\" style=\"color: rgb(0, 0, 0); font-size: 15px;\"><div class=\"\" style=\"position: relative;\" data-dl-input-translation=\"true\"><p style=\"text-align: center;\">100 kg&nbsp;<\/p><\/div><deepl-inline-translate style=\"z-index: 1999999999;\"><\/deepl-inline-translate><\/div><\/td><td class=\"wptb-cell\" data-y-index=\"3\" data-x-index=\"2\" style=\"border: 1px solid rgb(209, 209, 209);\" data-wptb-css-td-auto-width=\"true\"><div class=\"wptb-text-container wptb-ph-element wptb-element-text-619\" style=\"color: rgb(0, 0, 0); font-size: 15px;\"><div class=\"\" style=\"position: relative;\" data-dl-input-translation=\"true\"><p style=\"text-align: center;\">75 kg&nbsp;<\/p><\/div><deepl-inline-translate style=\"z-index: 1999999999;\"><\/deepl-inline-translate><\/div><\/td><td class=\"wptb-cell\" data-y-index=\"3\" data-x-index=\"3\" style=\"border: 1px solid rgb(209, 209, 209);\" data-wptb-css-td-auto-width=\"true\"><div class=\"wptb-text-container wptb-ph-element wptb-element-text-620\" style=\"color: rgb(0, 0, 0); font-size: 15px;\"><div class=\"\" style=\"position: relative;\" data-dl-input-translation=\"true\"><p style=\"text-align: center;\">45 kg&nbsp;<\/p><\/div><deepl-inline-translate style=\"z-index: 1999999999;\"><\/deepl-inline-translate><\/div><\/td><\/tr><tr class=\"wptb-row\" style=\"--hover-bg-color: undefined; background-color: rgb(255, 255, 255);\"><td class=\"wptb-cell\" data-y-index=\"4\" data-x-index=\"0\" style=\"border: 1px solid rgb(209, 209, 209);\" data-wptb-css-td-auto-width=\"true\"><div class=\"wptb-text-container wptb-ph-element wptb-element-text-622\" style=\"color: rgb(0, 0, 0); font-size: 15px;\"><div class=\"\" style=\"position: relative;\" data-dl-input-translation=\"true\"><p>Poids avec les roues<\/p><\/div><deepl-inline-translate style=\"z-index: 1999999999;\"><\/deepl-inline-translate><\/div><\/td><td class=\"wptb-cell\" data-y-index=\"4\" data-x-index=\"1\" style=\"border: 1px solid rgb(209, 209, 209);\" data-wptb-css-td-auto-width=\"true\"><div class=\"wptb-text-container wptb-ph-element wptb-element-text-623\" style=\"color: rgb(0, 0, 0); font-size: 15px;\"><div class=\"\" style=\"position: relative;\" data-dl-input-translation=\"true\"><p style=\"text-align: center;\">13 kg&nbsp;<\/p><\/div><deepl-inline-translate style=\"z-index: 1999999999;\"><\/deepl-inline-translate><\/div><\/td><td class=\"wptb-cell\" data-y-index=\"4\" data-x-index=\"2\" style=\"border: 1px solid rgb(209, 209, 209);\" data-wptb-css-td-auto-width=\"true\"><div class=\"wptb-text-container wptb-ph-element wptb-element-text-624\" style=\"color: rgb(0, 0, 0); font-size: 15px;\"><div class=\"\" style=\"position: relative;\" data-dl-input-translation=\"true\"><p style=\"text-align: center;\">8.2 kg&nbsp;<\/p><\/div><deepl-inline-translate style=\"z-index: 1999999999;\"><\/deepl-inline-translate><\/div><\/td><td class=\"wptb-cell\" data-y-index=\"4\" data-x-index=\"3\" style=\"border: 1px solid rgb(209, 209, 209);\" data-wptb-css-td-auto-width=\"true\"><div class=\"wptb-text-container wptb-ph-element wptb-element-text-625\" style=\"color: rgb(0, 0, 0); font-size: 15px;\"><div class=\"\" style=\"position: relative;\" data-dl-input-translation=\"true\"><p style=\"text-align: center;\">5.4 kg&nbsp;<\/p><\/div><deepl-inline-translate style=\"z-index: 1999999999;\"><\/deepl-inline-translate><\/div><\/td><\/tr><tr class=\"wptb-row\" style=\"--hover-bg-color: undefined; background-color: rgb(222, 244, 250);\"><td class=\"wptb-cell\" data-y-index=\"5\" data-x-index=\"0\" style=\"border: 1px solid rgb(209, 209, 209);\" data-wptb-css-td-auto-width=\"true\"><div class=\"wptb-text-container wptb-ph-element wptb-element-text-627\" style=\"color: rgb(0, 0, 0); font-size: 15px;\"><div class=\"\" style=\"position: relative;\"><p>Mat\u00e9riaux:<\/p><\/div><\/div><\/td><td class=\"wptb-cell\" data-y-index=\"5\" data-x-index=\"1\" style=\"border: 1px solid rgb(209, 209, 209);\" data-wptb-css-td-auto-width=\"true\"><div class=\"wptb-text-container wptb-ph-element wptb-element-text-628\" style=\"color: rgb(0, 0, 0); font-size: 15px;\"><div class=\"\" style=\"position: relative;\" data-dl-input-translation=\"true\"><p style=\"text-align: center;\">Panier en poly\u00e9thyl\u00e8ne et poign\u00e9e en aluminium de qualit\u00e9 marine.<br><\/p><\/div><deepl-inline-translate style=\"z-index: 1999999999;\"><\/deepl-inline-translate><\/div><\/td><td class=\"wptb-cell\" data-y-index=\"5\" data-x-index=\"2\" style=\"border: 1px solid rgb(209, 209, 209);\" data-wptb-css-td-auto-width=\"true\"><div class=\"wptb-text-container wptb-ph-element wptb-element-text-629\" style=\"color: rgb(0, 0, 0); font-size: 15px;\"><div class=\"\" style=\"position: relative;\" data-dl-input-translation=\"true\"><p style=\"text-align: center;\">&nbsp;Rev\u00eatement en poudre \u00e9poxy et acier tubulaire<\/p><\/div><deepl-inline-translate style=\"z-index: 1999999999;\"><\/deepl-inline-translate><\/div><\/td><td class=\"wptb-cell\" data-y-index=\"5\" data-x-index=\"3\" style=\"border: 1px solid rgb(209, 209, 209);\" data-wptb-css-td-auto-width=\"true\"><div class=\"wptb-text-container wptb-ph-element wptb-element-text-630\" style=\"color: rgb(0, 0, 0); font-size: 15px;\"><div class=\"\" style=\"position: relative;\" data-dl-input-translation=\"true\"><p style=\"text-align: center;\">&nbsp;Rev\u00eatement en poudre \u00e9poxy et acier tubulaire<\/p><\/div><deepl-inline-translate style=\"z-index: 1999999999;\"><\/deepl-inline-translate><\/div><\/td><\/tr><tr class=\"wptb-row\" style=\"--hover-bg-color: undefined; background-color: rgb(255, 255, 255);\"><td class=\"wptb-cell\" data-y-index=\"6\" data-x-index=\"0\" style=\"border: 1px solid rgb(209, 209, 209);\" data-wptb-css-td-auto-width=\"true\"><div class=\"wptb-text-container wptb-ph-element wptb-element-text-652\" style=\"color: rgb(0, 0, 0); font-size: 15px;\"><div class=\"\" style=\"position: relative;\" data-dl-input-translation=\"true\"><p>Incluye<\/p><\/div><deepl-inline-translate style=\"z-index: 1999999999;\"><\/deepl-inline-translate><\/div><\/td><td class=\"wptb-cell\" data-y-index=\"6\" data-x-index=\"1\" style=\"border: 1px solid rgb(209, 209, 209);\" data-wptb-css-td-auto-width=\"true\"><\/td><td class=\"wptb-cell\" data-y-index=\"6\" data-x-index=\"2\" style=\"border: 1px solid rgb(209, 209, 209);\" data-wptb-css-td-auto-width=\"true\"><div class=\"wptb-text-container wptb-ph-element wptb-element-text-653\" style=\"color: rgb(0, 0, 0); font-size: 15px;\"><div class=\"\" style=\"position: relative;\" data-dl-input-translation=\"true\"><p style=\"text-align: center;\">2 sangles de fixation et une bande \u00e9lastique.<\/p><\/div><deepl-inline-translate style=\"z-index: 1999999999;\"><\/deepl-inline-translate><\/div><\/td><td class=\"wptb-cell\" data-y-index=\"6\" data-x-index=\"3\" style=\"border: 1px solid rgb(209, 209, 209);\" data-wptb-css-td-auto-width=\"true\"><div class=\"wptb-text-container wptb-ph-element wptb-element-text-654\" style=\"color: rgb(0, 0, 0); font-size: 15px;\"><div class=\"\" style=\"position: relative;\" data-dl-input-translation=\"true\"><p style=\"text-align: center;\">2 sangles de fixation et une bande \u00e9lastique.<\/p><\/div><deepl-inline-translate style=\"z-index: 1999999999;\"><\/deepl-inline-translate><\/div><\/td><\/tr><\/tbody><\/table>\n<\/div>\n<\/div>\n\t\t\t\t\t\t<\/div>\n\t\t\t\t<\/div>\n\t\t\t\t\t<\/div>\n\t\t<\/div>\n\t\t\t\t\t<\/div>\n\t\t<\/section>\n\t\t\t\t<\/div>","protected":false},"excerpt":{"rendered":"<p>Compara todas los carros de playa Los carros de playa Wheeleez\u2122 est\u00e1n dise\u00f1ados para que el transporte de botes, tablas y equipo sobre playas de arena suave o terrenos dif\u00edciles y desafiantes sea f\u00e1cil y divertido.<\/p>","protected":false},"author":2,"featured_media":0,"parent":0,"menu_order":0,"comment_status":"closed","ping_status":"closed","template":"","meta":{"_acf_changed":false,"_joinchat":[],"footnotes":""},"rueda":[],"class_list":["post-1109","page","type-page","status-publish","hentry"],"acf":[],"_links":{"self":[{"href":"https:\/\/beachwheelseurope.com\/fr\/wp-json\/wp\/v2\/pages\/1109","targetHints":{"allow":["GET"]}}],"collection":[{"href":"https:\/\/beachwheelseurope.com\/fr\/wp-json\/wp\/v2\/pages"}],"about":[{"href":"https:\/\/beachwheelseurope.com\/fr\/wp-json\/wp\/v2\/types\/page"}],"author":[{"embeddable":true,"href":"https:\/\/beachwheelseurope.com\/fr\/wp-json\/wp\/v2\/users\/2"}],"replies":[{"embeddable":true,"href":"https:\/\/beachwheelseurope.com\/fr\/wp-json\/wp\/v2\/comments?post=1109"}],"version-history":[{"count":0,"href":"https:\/\/beachwheelseurope.com\/fr\/wp-json\/wp\/v2\/pages\/1109\/revisions"}],"wp:attachment":[{"href":"https:\/\/beachwheelseurope.com\/fr\/wp-json\/wp\/v2\/media?parent=1109"}],"wp:term":[{"taxonomy":"rueda","embeddable":true,"href":"https:\/\/beachwheelseurope.com\/fr\/wp-json\/wp\/v2\/rueda?post=1109"}],"curies":[{"name":"wp","href":"https:\/\/api.w.org\/{rel}","templated":true}]}}