{"id":1209,"date":"2023-07-19T14:43:00","date_gmt":"2023-07-19T12:43:00","guid":{"rendered":"https:\/\/beachwheelseurope.com\/?page_id=1209"},"modified":"2024-03-06T17:08:35","modified_gmt":"2024-03-06T16:08:35","slug":"comparativa-de-carros-para-paddle-surf","status":"publish","type":"page","link":"https:\/\/beachwheelseurope.com\/fr\/comparativa-de-carros-para-paddle-surf\/","title":{"rendered":"Comparatif des chariots pour paddle surf"},"content":{"rendered":"<style>\/*! elementor - v3.16.0 - 17-10-2023 *\/\n.elementor-heading-title{padding:0;margin:0;line-height:1}.elementor-widget-heading .elementor-heading-title[class*=elementor-size-]>a{color:inherit;font-size:inherit;line-height:inherit}.elementor-widget-heading .elementor-heading-title.elementor-size-small{font-size:15px}.elementor-widget-heading .elementor-heading-title.elementor-size-medium{font-size:19px}.elementor-widget-heading .elementor-heading-title.elementor-size-large{font-size:29px}.elementor-widget-heading .elementor-heading-title.elementor-size-xl{font-size:39px}.elementor-widget-heading .elementor-heading-title.elementor-size-xxl{font-size:59px}<\/style>\n<h3>Comparez tous les chariots de paddle surf<br \/>\n<\/h3>\n<p style=\"text-align: center;\" class=\" translation-block\">Los carros para paddle surf Wheel<em>eez\u2122<\/em> son la forma perfecta de transportar tus SUP. Con las ruedas de globo de poliuretano Wheeleez\u2122 o los neum\u00e1ticos Tuff-Tires, estar\u00e1 preparado para cualquier terreno porque nuestras ruedas van a cualquier parte.<\/p>\n<div class=\"wptb-container-legacy\" data-table-id=\"1218\">\n    <table class=\"wptb-preview-table wptb-element-main-table_setting-1037\" style=\"border: 1px solid rgb(209, 209, 209);\" data-reconstraction=\"1\" data-wptb-table-tds-sum-max-width=\"393.666668\" data-wptb-cells-width-auto-count=\"3\" data-wptb-horizontal-scroll-status=\"false\" data-wptb-extra-styles=\"dGJvZHkgdHI6bm90KDpmaXJzdC1jaGlsZCkgdGQ6Zmlyc3QtY2hpbGQgewogIGJhY2tncm91bmQtY29sb3I6ICNmZmU5ZTM7Cn0KCnRhYmxlIHRib2R5IHRyewogYmFja2dyb3VuZC1jb2xvcjogd2hpdGU7IAp9\" role=\"table\" data-wptb-header-background-color=\"#FFFFFFFF\" data-wptb-even-row-background-color=\"#DEF4FAFF\" data-wptb-odd-row-background-color=\"#FFFFFFFF\" data-table-columns=\"3\"><tbody><tr class=\"wptb-row\" style=\"background-color: rgb(255, 255, 255);\"><td class=\"wptb-cell\" data-y-index=\"0\" data-x-index=\"0\" style=\"border: 1px solid rgb(209, 209, 209);\" data-wptb-css-td-auto-width=\"true\"><\/td><td class=\"wptb-cell\" data-y-index=\"0\" data-x-index=\"1\" style=\"border: 1px solid rgb(209, 209, 209);\" data-wptb-css-td-auto-width=\"true\"><div class=\"wptb-image-container wptb-ph-element wptb-element-image-1\" data-wptb-image-alignment=\"center\"><div class=\"wptb-image-wrapper\">            <span class=\"wptb-link-target\" style=\"float: none; width: 70%;\">                                <img fetchpriority=\"high\" decoding=\"async\" class=\"wptb-image-element-target\" style=\"width: 100%;\" src=\"\/\/beachwheelseurope.com\/wp-content\/uploads\/2023\/07\/1-removebg-preview-7.png\" width=\"500\" height=\"500\">            <\/span>        <\/div><\/div><\/td><td class=\"wptb-cell\" data-y-index=\"0\" data-x-index=\"2\" style=\"border: 1px solid rgb(209, 209, 209);\" data-wptb-css-td-auto-width=\"true\"><div class=\"wptb-image-container wptb-ph-element wptb-element-image-2\" data-wptb-image-alignment=\"center\"><div class=\"wptb-image-wrapper\">            <span class=\"wptb-link-target\" style=\"float: none; width: 70%;\">                                <img decoding=\"async\" class=\"wptb-image-element-target\" style=\"width: 100%;\" src=\"\/\/beachwheelseurope.com\/wp-content\/uploads\/2023\/07\/2-removebg-preview-6.png\" width=\"500\" height=\"500\">            <\/span>        <\/div><\/div><\/td><\/tr><tr class=\"wptb-row\" style=\"--hover-bg-color: undefined; background-color: rgb(222, 244, 250);\"><td class=\"wptb-cell\" data-y-index=\"1\" data-x-index=\"0\" style=\"border: 1px solid rgb(209, 209, 209);\" data-wptb-css-td-auto-width=\"true\"><div class=\"wptb-text-container wptb-ph-element wptb-element-text-602\" style=\"color: rgb(0, 0, 0); font-size: 15px;\"><div class=\"\" style=\"position: relative;\" data-dl-input-translation=\"true\"><p style=\"text-align: left;\" class=\" translation-block\">Nom <br> et code produit<\/p><\/div><deepl-inline-translate style=\"z-index: 1999999999;\"><\/deepl-inline-translate><\/div><\/td><td class=\"wptb-cell\" data-y-index=\"1\" data-x-index=\"1\" style=\"border: 1px solid rgb(209, 209, 209);\" data-wptb-css-td-auto-width=\"true\"><div class=\"wptb-text-container wptb-ph-element wptb-element-text-603\" style=\"color: rgb(0, 0, 0); font-size: 15px;\"><div class=\"\" style=\"position: relative;\" data-dl-input-translation=\"true\"><p style=\"text-align: center;\">Chariot pour paddle individuel<br>WZ1-SUPC-S<\/p><\/div><deepl-inline-translate style=\"z-index: 1999999999;\"><\/deepl-inline-translate><\/div><\/td><td class=\"wptb-cell\" data-y-index=\"1\" data-x-index=\"2\" style=\"border: 1px solid rgb(209, 209, 209);\" data-wptb-css-td-auto-width=\"true\"><div class=\"wptb-text-container wptb-ph-element wptb-element-text-604\" style=\"color: rgb(0, 0, 0); font-size: 15px;\"><div class=\"\" style=\"position: relative;\" data-dl-input-translation=\"true\"><p style=\"text-align: center;\">Support pour 3 planches de paddle<\/p><p style=\"text-align: center;\"> WZ1-SUPR-3<\/p><\/div><deepl-inline-translate style=\"z-index: 1999999999;\"><\/deepl-inline-translate><\/div><\/td><\/tr><tr class=\"wptb-row\" style=\"--hover-bg-color: undefined; background-color: rgb(255, 255, 255);\"><td class=\"wptb-cell\" data-y-index=\"2\" data-x-index=\"0\" style=\"border: 1px solid rgb(209, 209, 209);\" data-wptb-css-td-auto-width=\"true\"><div class=\"wptb-text-container wptb-ph-element wptb-element-text-607\" style=\"color: rgb(0, 0, 0); font-size: 15px;\"><div class=\"\" style=\"position: relative;\" data-dl-input-translation=\"true\"><p style=\"text-align: left;\">Type de roues<\/p><\/div><deepl-inline-translate style=\"z-index: 1999999999;\"><\/deepl-inline-translate><\/div><\/td><td class=\"wptb-cell\" data-y-index=\"2\" data-x-index=\"1\" style=\"border: 1px solid rgb(209, 209, 209);\" data-wptb-css-td-auto-width=\"true\"><div class=\"wptb-text-container wptb-ph-element wptb-element-text-608 edit-active\" style=\"color: rgb(0, 0, 0); font-size: 15px;\"><div class=\"\" style=\"position: relative;\" data-dl-input-translation=\"true\"><p style=\"text-align: center;\">Roue en mousse EVA de 25,4 cm.<br><\/p><p style=\"text-align: center;\"><\/p><p style=\"text-align: center;\">Roue ballon de 24 cm, ouverture d'axe de 12,7 mm (en option)<\/p><\/div><deepl-inline-translate style=\"z-index: 1999999999;\"><\/deepl-inline-translate><\/div><\/td><td class=\"wptb-cell\" data-y-index=\"2\" data-x-index=\"2\" style=\"border: 1px solid rgb(209, 209, 209);\" data-wptb-css-td-auto-width=\"true\"><div class=\"wptb-text-container wptb-ph-element wptb-element-text-609\" style=\"color: rgb(0, 0, 0); font-size: 15px;\"><div class=\"\" style=\"position: relative;\" data-dl-input-translation=\"true\"><p style=\"text-align: center;\">Le support pour 3 planches de paddle peut \u00eatre fix\u00e9 \u00e0 l'un des chariots \u00e0 kayak suivants (prix s\u00e9par\u00e9)\u00a0:&nbsp;<br>Chariot pour kayak avec roues en mousse de 26 cm<br><\/p><p style=\"text-align: center;\">Chariot de kayak avec roues ballon de 30 cm<\/p><\/div><deepl-inline-translate style=\"z-index: 1999999999;\"><\/deepl-inline-translate><\/div><\/td><\/tr><tr class=\"wptb-row\" style=\"--hover-bg-color: undefined; background-color: rgb(222, 244, 250);\"><td class=\"wptb-cell\" data-y-index=\"3\" data-x-index=\"0\" style=\"border: 1px solid rgb(209, 209, 209);\" data-wptb-css-td-auto-width=\"true\"><div class=\"wptb-text-container wptb-ph-element wptb-element-text-612\" style=\"color: rgb(0, 0, 0); font-size: 15px;\"><div class=\"\" style=\"position: relative;\" data-dl-input-translation=\"true\"><p style=\"text-align: left;\">Utilisation<\/p><\/div><deepl-inline-translate style=\"z-index: 1999999999;\"><\/deepl-inline-translate><\/div><\/td><td class=\"wptb-cell\" data-y-index=\"3\" data-x-index=\"1\" style=\"border: 1px solid rgb(209, 209, 209);\" data-wptb-css-td-auto-width=\"true\"><div class=\"wptb-text-container wptb-ph-element wptb-element-text-613\" style=\"color: rgb(0, 0, 0); font-size: 15px;\"><div class=\"\" style=\"position: relative;\" data-dl-input-translation=\"true\"><p style=\"text-align: center;\">Transporter du mat\u00e9riel l\u00e9ger, comme une planche de Stand Up Paddle.<\/p><\/div><deepl-inline-translate style=\"z-index: 1999999999;\"><\/deepl-inline-translate><\/div><\/td><td class=\"wptb-cell\" data-y-index=\"3\" data-x-index=\"2\" style=\"border: 1px solid rgb(209, 209, 209);\" data-wptb-css-td-auto-width=\"true\"><div class=\"wptb-text-container wptb-ph-element wptb-element-text-614\" style=\"color: rgb(0, 0, 0); font-size: 15px;\"><div class=\"\" style=\"position: relative;\" data-dl-input-translation=\"true\"><p style=\"text-align: center;\">Transportez facilement 3 planches de stand up paddle.<\/p><\/div><deepl-inline-translate style=\"z-index: 1999999999;\"><\/deepl-inline-translate><\/div><\/td><\/tr><tr class=\"wptb-row\" style=\"--hover-bg-color: undefined; background-color: rgb(255, 255, 255);\"><td class=\"wptb-cell\" data-y-index=\"4\" data-x-index=\"0\" style=\"border: 1px solid rgb(209, 209, 209);\" data-wptb-css-td-auto-width=\"true\"><div class=\"wptb-text-container wptb-ph-element wptb-element-text-617\" style=\"color: rgb(0, 0, 0); font-size: 15px;\"><div class=\"\" style=\"position: relative;\" data-dl-input-translation=\"true\"><p style=\"text-align: left;\">Capacit\u00e9 de charge<\/p><\/div><deepl-inline-translate style=\"z-index: 1999999999;\"><\/deepl-inline-translate><\/div><\/td><td class=\"wptb-cell\" data-y-index=\"4\" data-x-index=\"1\" style=\"border: 1px solid rgb(209, 209, 209);\" data-wptb-css-td-auto-width=\"true\"><div class=\"wptb-text-container wptb-ph-element wptb-element-text-618\" style=\"color: rgb(0, 0, 0); font-size: 15px;\"><div class=\"\" style=\"position: relative;\" data-dl-input-translation=\"true\"><p style=\"text-align: center;\">55 kg&nbsp;<\/p><\/div><deepl-inline-translate style=\"z-index: 1999999999;\"><\/deepl-inline-translate><\/div><\/td><td class=\"wptb-cell\" data-y-index=\"4\" data-x-index=\"2\" style=\"border: 1px solid rgb(209, 209, 209);\" data-wptb-css-td-auto-width=\"true\"><div class=\"wptb-text-container wptb-ph-element wptb-element-text-619\" style=\"color: rgb(0, 0, 0); font-size: 15px;\"><div class=\"\" style=\"position: relative;\" data-dl-input-translation=\"true\"><p style=\"text-align: center;\">80 kg&nbsp;<\/p><\/div><deepl-inline-translate style=\"z-index: 1999999999;\"><\/deepl-inline-translate><\/div><\/td><\/tr><tr class=\"wptb-row\" style=\"--hover-bg-color: undefined; background-color: rgb(222, 244, 250);\"><td class=\"wptb-cell\" data-y-index=\"5\" data-x-index=\"0\" style=\"border: 1px solid rgb(209, 209, 209);\" data-wptb-css-td-auto-width=\"true\"><div class=\"wptb-text-container wptb-ph-element wptb-element-text-660\" style=\"color: rgb(0, 0, 0); font-size: 15px;\"><div class=\"\" data-dl-input-translation=\"true\" style=\"position: relative;\"><p>Mat\u00e9riaux structurels<\/p><p><\/p><\/div><deepl-inline-translate style=\"z-index: 1999999999;\"><\/deepl-inline-translate><\/div><\/td><td class=\"wptb-cell\" data-y-index=\"5\" data-x-index=\"1\" style=\"border: 1px solid rgb(209, 209, 209);\" data-wptb-css-td-auto-width=\"true\"><div class=\"wptb-text-container wptb-ph-element wptb-element-text-623\" style=\"color: rgb(0, 0, 0); font-size: 15px;\"><div class=\"\" style=\"position: relative;\" data-dl-input-translation=\"true\"><p style=\"text-align: center;\">Aluminium anodis\u00e9 de qualit\u00e9 marine<\/p><\/div><deepl-inline-translate style=\"z-index: 1999999999;\"><\/deepl-inline-translate><\/div><\/td><td class=\"wptb-cell\" data-y-index=\"5\" data-x-index=\"2\" style=\"border: 1px solid rgb(209, 209, 209);\" data-wptb-css-td-auto-width=\"true\"><div class=\"wptb-text-container wptb-ph-element wptb-element-text-624\" style=\"color: rgb(0, 0, 0); font-size: 15px;\"><div class=\"\" style=\"position: relative;\" data-dl-input-translation=\"true\"><p style=\"text-align: center;\">Aluminium anodis\u00e9 de qualit\u00e9 marine<\/p><\/div><deepl-inline-translate style=\"z-index: 1999999999;\"><\/deepl-inline-translate><\/div><\/td><\/tr><tr class=\"wptb-row\" style=\"--hover-bg-color: undefined; background-color: rgb(255, 255, 255);\"><td class=\"wptb-cell\" data-y-index=\"6\" data-x-index=\"0\" style=\"border: 1px solid rgb(209, 209, 209);\" data-wptb-css-td-auto-width=\"true\"><div class=\"wptb-text-container wptb-ph-element wptb-element-text-627\" style=\"color: rgb(0, 0, 0); font-size: 15px;\"><div class=\"\" style=\"position: relative;\" data-dl-input-translation=\"true\"><p style=\"text-align: left;\">Dimensions<\/p><\/div><deepl-inline-translate style=\"z-index: 1999999999;\"><\/deepl-inline-translate><\/div><\/td><td class=\"wptb-cell\" data-y-index=\"6\" data-x-index=\"1\" style=\"border: 1px solid rgb(209, 209, 209);\" data-wptb-css-td-auto-width=\"true\"><div class=\"wptb-text-container wptb-ph-element wptb-element-text-628\" style=\"color: rgb(0, 0, 0); font-size: 15px;\"><div class=\"\" style=\"position: relative;\" data-dl-input-translation=\"true\"><p style=\"text-align: center;\">71 x 30.5 x 10 cm&nbsp;<\/p><\/div><deepl-inline-translate style=\"z-index: 1999999999;\"><\/deepl-inline-translate><\/div><\/td><td class=\"wptb-cell\" data-y-index=\"6\" data-x-index=\"2\" style=\"border: 1px solid rgb(209, 209, 209);\" data-wptb-css-td-auto-width=\"true\"><div class=\"wptb-text-container wptb-ph-element wptb-element-text-629\" style=\"color: rgb(0, 0, 0); font-size: 15px;\"><div class=\"\" style=\"position: relative;\" data-dl-input-translation=\"true\"><p style=\"text-align: center;\">99 x 20.3 x 10 cm&nbsp;<\/p><\/div><deepl-inline-translate style=\"z-index: 1999999999;\"><\/deepl-inline-translate><\/div><\/td><\/tr><\/tbody><\/table>\n<\/div>","protected":false},"excerpt":{"rendered":"<p>Compara todos los Carros para Paddle Surf Los carros para paddle surf Wheeleez\u2122 son la forma perfecta de transportar tus SUP. Con las ruedas de globo de poliuretano Wheeleez\u2122 o los neum\u00e1ticos Tuff-Tires, estar\u00e1 preparado para cualquier terreno porque nuestras ruedas van a cualquier parte.<\/p>","protected":false},"author":2,"featured_media":0,"parent":0,"menu_order":0,"comment_status":"closed","ping_status":"closed","template":"","meta":{"_acf_changed":false,"_joinchat":[],"footnotes":""},"rueda":[],"class_list":["post-1209","page","type-page","status-publish","hentry"],"acf":[],"_links":{"self":[{"href":"https:\/\/beachwheelseurope.com\/fr\/wp-json\/wp\/v2\/pages\/1209","targetHints":{"allow":["GET"]}}],"collection":[{"href":"https:\/\/beachwheelseurope.com\/fr\/wp-json\/wp\/v2\/pages"}],"about":[{"href":"https:\/\/beachwheelseurope.com\/fr\/wp-json\/wp\/v2\/types\/page"}],"author":[{"embeddable":true,"href":"https:\/\/beachwheelseurope.com\/fr\/wp-json\/wp\/v2\/users\/2"}],"replies":[{"embeddable":true,"href":"https:\/\/beachwheelseurope.com\/fr\/wp-json\/wp\/v2\/comments?post=1209"}],"version-history":[{"count":0,"href":"https:\/\/beachwheelseurope.com\/fr\/wp-json\/wp\/v2\/pages\/1209\/revisions"}],"wp:attachment":[{"href":"https:\/\/beachwheelseurope.com\/fr\/wp-json\/wp\/v2\/media?parent=1209"}],"wp:term":[{"taxonomy":"rueda","embeddable":true,"href":"https:\/\/beachwheelseurope.com\/fr\/wp-json\/wp\/v2\/rueda?post=1209"}],"curies":[{"name":"wp","href":"https:\/\/api.w.org\/{rel}","templated":true}]}}