{"id":3,"date":"2023-03-25T12:40:34","date_gmt":"2023-03-25T12:40:34","guid":{"rendered":"https:\/\/beachwheelseurope.com\/?page_id=3"},"modified":"2024-03-21T14:35:22","modified_gmt":"2024-03-21T13:35:22","slug":"politica-privacidad","status":"publish","type":"page","link":"https:\/\/beachwheelseurope.com\/fr\/politique-confidentialite\/","title":{"rendered":"Pol\u00edtica de privacidad"},"content":{"rendered":"<style>.elementor-3 .elementor-element.elementor-element-602351b2 > .elementor-element-populated{margin:0px 10px 0px 10px;--e-column-margin-right:10px;--e-column-margin-left:10px;}<\/style>\t\t<div data-elementor-type=\"wp-page\" data-elementor-id=\"3\" class=\"elementor elementor-3\" data-elementor-post-type=\"page\">\n\t\t\t\t\t\t<section class=\"elementor-section elementor-top-section elementor-element elementor-element-5b8cfa0 elementor-section-boxed elementor-section-height-default elementor-section-height-default\" data-id=\"5b8cfa0\" data-element_type=\"section\">\n\t\t\t\t\t\t<div class=\"elementor-container elementor-column-gap-default\">\n\t\t\t\t\t<div class=\"elementor-column elementor-col-100 elementor-top-column elementor-element elementor-element-602351b2\" data-id=\"602351b2\" data-element_type=\"column\">\n\t\t\t<div class=\"elementor-widget-wrap elementor-element-populated\">\n\t\t\t\t\t\t<div class=\"elementor-element elementor-element-28033988 elementor-widget elementor-widget-text-editor\" data-id=\"28033988\" data-element_type=\"widget\" data-widget_type=\"text-editor.default\">\n\t\t\t\t<div class=\"elementor-widget-container\">\n\t\t\t\t\t\t\t\t\t<p><\/p>\n<h4 class=\"wp-block-heading\">Politique de confidentialit\u00e9<\/h4>\n<p><\/p>\n<p><!-- \/wp:list --><\/p>\n<p><!-- wp:paragraph --><\/p>\n<p>Nous avons mis \u00e0 jour notre Politique de confidentialit\u00e9 conform\u00e9ment aux dispositions du R\u00e8glement (UE) 2016\/679 du 27 avril 2016 relatif \u00e0 la protection des personnes physiques \u00e0 l\u2019\u00e9gard du traitement des donn\u00e9es \u00e0 caract\u00e8re personnel et \u00e0 la libre circulation de ces donn\u00e9es. Nous fournissons donc les informations suivantes concernant ce traitement :<\/p>\n<p><!-- \/wp:paragraph --><\/p>\n<p><!-- wp:paragraph --><\/p>\n<p><strong>Responsable du traitement<\/strong><\/p>\n<p><!-- \/wp:paragraph --><\/p>\n<p><!-- wp:paragraph --><\/p>\n<p>Le responsable du traitement des donn\u00e9es personnelles de la personne concern\u00e9e est REMOLCS CORT\u00c9S SL, avec le num\u00e9ro CIF B61861191, soci\u00e9t\u00e9 domicili\u00e9e au Carretera Sant Hipolit 4, 08503 Gurb (Barcelone).<\/p>\n<p><!-- \/wp:paragraph --><\/p>\n<p><!-- wp:paragraph --><\/p>\n<p>T\u00e9l\u00e9phone de contact: +34 93 889 22 31<\/p>\n<p><!-- \/wp:paragraph --><\/p>\n<p><!-- wp:paragraph --><\/p>\n<p>Adresse email:\u00a0<a href=\"mailto:rcortes@rcortes.com\">rcortes@rcortes.com<\/a><\/p>\n<p><!-- \/wp:paragraph --><\/p>\n<p><!-- wp:paragraph --><\/p>\n<p><strong>Finalit\u00e9 du traitement<\/strong><\/p>\n<p><!-- \/wp:paragraph --><\/p>\n<p><!-- wp:paragraph --><\/p>\n<p>Les donn\u00e9es que vous nous avez fournies sont utilis\u00e9es dans le but de g\u00e9rer les services et produits demand\u00e9s. Nous utiliserons \u00e9galement ces donn\u00e9es pour vous offrir des informations sur nos produits ou services, que nous estimons susceptibles de vous int\u00e9resser, par les moyens que vous nous avez fournis : email, adresse postale et m\u00eame appels sur t\u00e9l\u00e9phones mobiles.<\/p>\n<p><!-- \/wp:paragraph --><\/p>\n<p><!-- wp:paragraph --><\/p>\n<p>Nous conserverons vos donn\u00e9es personnelles tant que la relation commerciale sera maintenue et, par la suite, sauf si vous nous demandez leur suppression.<\/p>\n<p><!-- \/wp:paragraph --><\/p>\n<p><!-- wp:paragraph --><\/p>\n<p><strong>L\u00e9gitimation pour le traitement de vos donn\u00e9es<\/strong><\/p>\n<p><!-- \/wp:paragraph --><\/p>\n<p><!-- wp:paragraph --><\/p>\n<p>L\u2019utilisation des donn\u00e9es est n\u00e9cessaire pour la bonne gestion des relations commerciales avec la personne concern\u00e9e. Par ailleurs, la principale base l\u00e9gale est le consentement.<\/p>\n<p><!-- \/wp:paragraph --><\/p>\n<p><!-- wp:paragraph --><\/p>\n<p>Vous pouvez \u00e0 tout moment vous opposer \u00e0 l\u2019utilisation de vos donn\u00e9es et ainsi emp\u00eacher toute gestion de celles-ci, vos donn\u00e9es \u00e9tant alors uniquement bloqu\u00e9es pendant la dur\u00e9e l\u00e9galement pr\u00e9vue.<\/p>\n<p><!-- \/wp:paragraph --><\/p>\n<p><!-- wp:paragraph --><\/p>\n<p><strong>Communication des donn\u00e9es<\/strong><\/p>\n<p><!-- \/wp:paragraph --><\/p>\n<p><!-- wp:paragraph --><\/p>\n<p>Les donn\u00e9es ne seront pas communiqu\u00e9es \u00e0 des tiers, sauf obligation l\u00e9gale.<\/p>\n<p><!-- \/wp:paragraph --><\/p>\n<p><!-- wp:paragraph --><\/p>\n<p><strong>Droits de la personne concern\u00e9e<\/strong><\/p>\n<p><!-- \/wp:paragraph --><\/p>\n<p><!-- wp:paragraph --><\/p>\n<p class=\" translation-block\">Les personnes concern\u00e9es ont le droit de retirer leur consentement \u00e0 tout moment ; ainsi que d\u2019exercer leurs droits d\u2019acc\u00e8s, de rectification, de portabilit\u00e9, de suppression, de limitation ou d\u2019opposition. Pour exercer ces droits, vous devez adresser une demande \u00e9crite \u00e0 l\u2019adresse du responsable du traitement ou envoyer un courriel \u00e0 <a href=\"mailto:rcortes@rcortes.com\" target=\"_self\">rcortes@rcortes.com<\/a>, en fournissant un document officiel d\u2019identification. Par ailleurs, nous vous informons que vous pouvez d\u00e9poser une plainte aupr\u00e8s de l\u2019Agence espagnole de protection des donn\u00e9es.<\/p>\n<p><!-- \/wp:paragraph --><\/p>\t\t\t\t\t\t\t\t<\/div>\n\t\t\t\t<\/div>\n\t\t\t\t\t<\/div>\n\t\t<\/div>\n\t\t\t\t\t<\/div>\n\t\t<\/section>\n\t\t\t\t<\/div>","protected":false},"excerpt":{"rendered":"<p>Pol\u00edtica de Privacidad Hemos actualizado nuestra Pol\u00edtica de Privacidad de conformidad con lo dispuesto en el Reglamento (UE) 2016\/679, de 27 de abril de 2016, relativo a la protecci\u00f3n de las personas f\u00edsicas en lo que respecta al tratamiento de datos personales y a la libre circulaci\u00f3n de estos datos, por lo que se facilita [&hellip;]<\/p>","protected":false},"author":1,"featured_media":0,"parent":0,"menu_order":0,"comment_status":"closed","ping_status":"open","template":"","meta":{"_acf_changed":false,"_joinchat":[],"footnotes":""},"rueda":[],"class_list":["post-3","page","type-page","status-publish","hentry"],"acf":[],"_links":{"self":[{"href":"https:\/\/beachwheelseurope.com\/fr\/wp-json\/wp\/v2\/pages\/3","targetHints":{"allow":["GET"]}}],"collection":[{"href":"https:\/\/beachwheelseurope.com\/fr\/wp-json\/wp\/v2\/pages"}],"about":[{"href":"https:\/\/beachwheelseurope.com\/fr\/wp-json\/wp\/v2\/types\/page"}],"author":[{"embeddable":true,"href":"https:\/\/beachwheelseurope.com\/fr\/wp-json\/wp\/v2\/users\/1"}],"replies":[{"embeddable":true,"href":"https:\/\/beachwheelseurope.com\/fr\/wp-json\/wp\/v2\/comments?post=3"}],"version-history":[{"count":9,"href":"https:\/\/beachwheelseurope.com\/fr\/wp-json\/wp\/v2\/pages\/3\/revisions"}],"predecessor-version":[{"id":2735,"href":"https:\/\/beachwheelseurope.com\/fr\/wp-json\/wp\/v2\/pages\/3\/revisions\/2735"}],"wp:attachment":[{"href":"https:\/\/beachwheelseurope.com\/fr\/wp-json\/wp\/v2\/media?parent=3"}],"wp:term":[{"taxonomy":"rueda","embeddable":true,"href":"https:\/\/beachwheelseurope.com\/fr\/wp-json\/wp\/v2\/rueda?post=3"}],"curies":[{"name":"wp","href":"https:\/\/api.w.org\/{rel}","templated":true}]}}