{"id":2027,"date":"2023-08-24T16:23:51","date_gmt":"2023-08-24T14:23:51","guid":{"rendered":"https:\/\/beachwheelseurope.com\/?post_type=product&#038;p=2027"},"modified":"2026-04-22T14:23:27","modified_gmt":"2026-04-22T12:23:27","slug":"kit-de-cabrestante-completo-para-dolly-12","status":"publish","type":"product","link":"https:\/\/beachwheelseurope.com\/fr\/produit\/kit-de-cabrestante-completo-para-dolly-12\/","title":{"rendered":"Kit complet de treuil pour Dolly 12"},"content":{"rendered":"<p>Este kit de cabrestante se acopla al Dolly 12 para que pueda enganchar su moto acu\u00e1tica al dolly.<\/p>\n<ul>\n<li>Conjunto completo de cabrestante<\/li>\n<li>Dos secciones de leng\u00fceta<\/li>\n<li>Rodillo de proa<\/li>\n<li>Asa<\/li>\n<li>Toda la torniller\u00eda necesaria<\/li>\n<\/ul>","protected":false},"excerpt":{"rendered":"<p>Este kit de cabrestante se acopla al Dolly 12 para que pueda enganchar su moto acu\u00e1tica al dolly. Conjunto completo de cabrestante Dos secciones de leng\u00fceta Rodillo de proa Asa Toda la torniller\u00eda necesaria<\/p>","protected":false},"featured_media":2028,"comment_status":"closed","ping_status":"closed","template":"","meta":{"_acf_changed":false,"_joinchat":[]},"product_brand":[],"product_cat":[38,69,71],"product_tag":[],"class_list":{"0":"post-2027","1":"product","2":"type-product","3":"status-publish","4":"has-post-thumbnail","6":"product_cat-accesorios-y-recambios","7":"product_cat-muneca-12-cabrestante-kit-las-partes","8":"product_cat-muneca-12-completar-cabrestante-kit","10":"first","11":"outofstock","12":"taxable","13":"shipping-taxable","14":"purchasable","15":"product-type-simple"},"acf":[],"_links":{"self":[{"href":"https:\/\/beachwheelseurope.com\/fr\/wp-json\/wp\/v2\/product\/2027","targetHints":{"allow":["GET"]}}],"collection":[{"href":"https:\/\/beachwheelseurope.com\/fr\/wp-json\/wp\/v2\/product"}],"about":[{"href":"https:\/\/beachwheelseurope.com\/fr\/wp-json\/wp\/v2\/types\/product"}],"replies":[{"embeddable":true,"href":"https:\/\/beachwheelseurope.com\/fr\/wp-json\/wp\/v2\/comments?post=2027"}],"wp:featuredmedia":[{"embeddable":true,"href":"https:\/\/beachwheelseurope.com\/fr\/wp-json\/wp\/v2\/media\/2028"}],"wp:attachment":[{"href":"https:\/\/beachwheelseurope.com\/fr\/wp-json\/wp\/v2\/media?parent=2027"}],"wp:term":[{"taxonomy":"product_brand","embeddable":true,"href":"https:\/\/beachwheelseurope.com\/fr\/wp-json\/wp\/v2\/product_brand?post=2027"},{"taxonomy":"product_cat","embeddable":true,"href":"https:\/\/beachwheelseurope.com\/fr\/wp-json\/wp\/v2\/product_cat?post=2027"},{"taxonomy":"product_tag","embeddable":true,"href":"https:\/\/beachwheelseurope.com\/fr\/wp-json\/wp\/v2\/product_tag?post=2027"}],"curies":[{"name":"wp","href":"https:\/\/api.w.org\/{rel}","templated":true}]}}