{"id":2104,"date":"2023-09-11T17:23:06","date_gmt":"2023-09-11T15:23:06","guid":{"rendered":"https:\/\/beachwheelseurope.com\/?post_type=product&#038;p=2104"},"modified":"2026-04-22T14:21:24","modified_gmt":"2026-04-22T12:21:24","slug":"wheeleez-beach-conversion-kit-for-hand-trucks-with-2-30-cm-11-8%e2%80%b3-polyurethane-wheel","status":"publish","type":"product","link":"https:\/\/beachwheelseurope.com\/fr\/produit\/wheeleez-beach-conversion-kit-for-hand-trucks-with-2-30-cm-11-8%e2%80%b3-polyurethane-wheel\/","title":{"rendered":"Kit de conversion plage pour brouettes avec 2 roues en polyur\u00e9thane de 30 cm (11,8\")"},"content":{"rendered":"<p><span style=\"font-family: verdana, sans-serif\">Kit de conversion de plage\u00a0<\/span>\u00a0Wheel<em>Wheeleez<\/em>\u2122\u00a0para carretillas de mano con ejes de 16mm (5\/8 \u2033) de di\u00e1metro; permite la conversi\u00f3n a ruedas todoterreno\/de playa para una f\u00e1cil navegaci\u00f3n en terrenos dif\u00edciles.<\/p>","protected":false},"excerpt":{"rendered":"<p>Kit de conversi\u00f3n de playa\u00a0\u00a0Wheeleez\u2122\u00a0para carretillas de mano con ejes de 16mm (5\/8 \u2033) de di\u00e1metro; permite la conversi\u00f3n a ruedas todoterreno\/de playa para una f\u00e1cil navegaci\u00f3n en terrenos dif\u00edciles.<\/p>","protected":false},"featured_media":2105,"comment_status":"closed","ping_status":"closed","template":"","meta":{"_acf_changed":false,"_joinchat":[]},"product_brand":[],"product_cat":[37],"product_tag":[],"class_list":{"0":"post-2104","1":"product","2":"type-product","3":"status-publish","4":"has-post-thumbnail","6":"product_cat-kit-de-conversion-de-playa","8":"first","9":"outofstock","10":"taxable","11":"shipping-taxable","12":"purchasable","13":"product-type-simple"},"acf":[],"_links":{"self":[{"href":"https:\/\/beachwheelseurope.com\/fr\/wp-json\/wp\/v2\/product\/2104","targetHints":{"allow":["GET"]}}],"collection":[{"href":"https:\/\/beachwheelseurope.com\/fr\/wp-json\/wp\/v2\/product"}],"about":[{"href":"https:\/\/beachwheelseurope.com\/fr\/wp-json\/wp\/v2\/types\/product"}],"replies":[{"embeddable":true,"href":"https:\/\/beachwheelseurope.com\/fr\/wp-json\/wp\/v2\/comments?post=2104"}],"wp:featuredmedia":[{"embeddable":true,"href":"https:\/\/beachwheelseurope.com\/fr\/wp-json\/wp\/v2\/media\/2105"}],"wp:attachment":[{"href":"https:\/\/beachwheelseurope.com\/fr\/wp-json\/wp\/v2\/media?parent=2104"}],"wp:term":[{"taxonomy":"product_brand","embeddable":true,"href":"https:\/\/beachwheelseurope.com\/fr\/wp-json\/wp\/v2\/product_brand?post=2104"},{"taxonomy":"product_cat","embeddable":true,"href":"https:\/\/beachwheelseurope.com\/fr\/wp-json\/wp\/v2\/product_cat?post=2104"},{"taxonomy":"product_tag","embeddable":true,"href":"https:\/\/beachwheelseurope.com\/fr\/wp-json\/wp\/v2\/product_tag?post=2104"}],"curies":[{"name":"wp","href":"https:\/\/api.w.org\/{rel}","templated":true}]}}