{"id":234,"date":"2023-04-05T03:09:55","date_gmt":"2023-04-05T01:09:55","guid":{"rendered":"https:\/\/beachwheelseurope.com\/?post_type=product&#038;p=234"},"modified":"2026-04-22T15:47:21","modified_gmt":"2026-04-22T13:47:21","slug":"carro-de-playa","status":"publish","type":"product","link":"https:\/\/beachwheelseurope.com\/fr\/produit\/chariot-de-plage\/","title":{"rendered":"Chariot de plage"},"content":{"rendered":"<div>\n<p><span style=\"color: #000000;\">Profitez de la plage comme jamais auparavant. Le chariot de plage est le compagnon id\u00e9al lorsque vous avez beaucoup \u00e0 transporter. Il permet de d\u00e9placer tout votre mat\u00e9riel en une seule fois sur le sable ou dans la boue. Le chariot de plage est facile \u00e0 transporter et \u00e0 ranger, car le guidon, la b\u00e9quille, les roues et les axes se d\u00e9montent sans outils pour un stockage compact. C\u2019est un chariot incroyablement polyvalent, \u00e9galement parfait pour le jardinage, car il ne d\u00e9t\u00e9riore pas la pelouse ni le jardin.<\/span><\/p>\n<\/div>","protected":false},"excerpt":{"rendered":"<p>Le chariot de plage est \u00e9quip\u00e9 de roues ballon de 42 cm et a une capacit\u00e9 de charge maximale de 100 kg.<\/p>","protected":false},"featured_media":365,"comment_status":"closed","ping_status":"closed","template":"","meta":{"_acf_changed":false,"_joinchat":[]},"product_brand":[],"product_cat":[29],"product_tag":[],"class_list":{"0":"post-234","1":"product","2":"type-product","3":"status-publish","4":"has-post-thumbnail","6":"product_cat-carros-de-playa","8":"first","9":"instock","10":"taxable","11":"shipping-taxable","12":"purchasable","13":"product-type-simple"},"acf":[],"_links":{"self":[{"href":"https:\/\/beachwheelseurope.com\/fr\/wp-json\/wp\/v2\/product\/234","targetHints":{"allow":["GET"]}}],"collection":[{"href":"https:\/\/beachwheelseurope.com\/fr\/wp-json\/wp\/v2\/product"}],"about":[{"href":"https:\/\/beachwheelseurope.com\/fr\/wp-json\/wp\/v2\/types\/product"}],"replies":[{"embeddable":true,"href":"https:\/\/beachwheelseurope.com\/fr\/wp-json\/wp\/v2\/comments?post=234"}],"wp:featuredmedia":[{"embeddable":true,"href":"https:\/\/beachwheelseurope.com\/fr\/wp-json\/wp\/v2\/media\/365"}],"wp:attachment":[{"href":"https:\/\/beachwheelseurope.com\/fr\/wp-json\/wp\/v2\/media?parent=234"}],"wp:term":[{"taxonomy":"product_brand","embeddable":true,"href":"https:\/\/beachwheelseurope.com\/fr\/wp-json\/wp\/v2\/product_brand?post=234"},{"taxonomy":"product_cat","embeddable":true,"href":"https:\/\/beachwheelseurope.com\/fr\/wp-json\/wp\/v2\/product_cat?post=234"},{"taxonomy":"product_tag","embeddable":true,"href":"https:\/\/beachwheelseurope.com\/fr\/wp-json\/wp\/v2\/product_tag?post=234"}],"curies":[{"name":"wp","href":"https:\/\/api.w.org\/{rel}","templated":true}]}}