{"id":2342,"date":"2024-02-01T12:18:45","date_gmt":"2024-02-01T11:18:45","guid":{"rendered":"https:\/\/beachwheelseurope.com\/?post_type=product&#038;p=2342"},"modified":"2026-04-22T14:23:29","modified_gmt":"2026-04-22T12:23:29","slug":"rueda-globo-de-24cm","status":"publish","type":"product","link":"https:\/\/beachwheelseurope.com\/fr\/produit\/roue-ballon-de-plage-de-24cm\/","title":{"rendered":"Roue ballon de plage 24cm"},"content":{"rendered":"<p>Dimensions: 24 x 12.3 cm<\/p>\n<p>Largeur bague\/roulement : 12,8 cm<\/p>\n<p>Charge maximale par roue : 40 kg<\/p>\n<p>Poids : 0,7 kg<\/p>\n<p>Mat\u00e9riaux du pneu : polyur\u00e9thane<\/p>\n<p>Axe : polypropyl\u00e8ne<\/p>\n<p>Pression optimale : 2,5 psi (0,17 bar)<\/p>\n<p>Plage de pression : 2\u20134 psi (0,14\u20130,28 bar)<\/p>\n<p>Plage de temp\u00e9rature : de -15 \u00baC \u00e0 75 \u00baC<\/p>","protected":false},"excerpt":{"rendered":"<p>Les roues ballon de plage Wheeleez\u2122 sont sp\u00e9cialement con\u00e7ues pour \u00e9voluer sur des terrains difficiles tels que le sable mou, la boue, le gravier, l\u2019herbe ou la roche. Elles excellent \u00e9galement sur des surfaces dures comme les rues et les trottoirs. D\u00e9placer des charges lourdes et encombrantes devient facile gr\u00e2ce \u00e0 nos roues. Les roues ballon ne s\u2019enfoncent pas dans les terrains meubles. Parce que les roues Wheeleez\u2122 vont partout !<\/p>","protected":false},"featured_media":600,"comment_status":"closed","ping_status":"closed","template":"","meta":{"_acf_changed":false,"_joinchat":[]},"product_brand":[],"product_cat":[15,56,65,47,46,35],"product_tag":[],"class_list":{"0":"post-2342","1":"product","2":"type-product","3":"status-publish","4":"has-post-thumbnail","6":"product_cat-ruedas","7":"product_cat-recambios-carretas-de-kayak-mini","8":"product_cat-recambios-de-carros-de-kayak-mini","9":"product_cat-recambios-de-la-ruedas-globo-de-24cm","10":"product_cat-recambios-de-ruedas","11":"product_cat-ruedas-globo","13":"first","14":"instock","15":"taxable","16":"shipping-taxable","17":"purchasable","18":"product-type-variable"},"acf":[],"_links":{"self":[{"href":"https:\/\/beachwheelseurope.com\/fr\/wp-json\/wp\/v2\/product\/2342","targetHints":{"allow":["GET"]}}],"collection":[{"href":"https:\/\/beachwheelseurope.com\/fr\/wp-json\/wp\/v2\/product"}],"about":[{"href":"https:\/\/beachwheelseurope.com\/fr\/wp-json\/wp\/v2\/types\/product"}],"replies":[{"embeddable":true,"href":"https:\/\/beachwheelseurope.com\/fr\/wp-json\/wp\/v2\/comments?post=2342"}],"wp:featuredmedia":[{"embeddable":true,"href":"https:\/\/beachwheelseurope.com\/fr\/wp-json\/wp\/v2\/media\/600"}],"wp:attachment":[{"href":"https:\/\/beachwheelseurope.com\/fr\/wp-json\/wp\/v2\/media?parent=2342"}],"wp:term":[{"taxonomy":"product_brand","embeddable":true,"href":"https:\/\/beachwheelseurope.com\/fr\/wp-json\/wp\/v2\/product_brand?post=2342"},{"taxonomy":"product_cat","embeddable":true,"href":"https:\/\/beachwheelseurope.com\/fr\/wp-json\/wp\/v2\/product_cat?post=2342"},{"taxonomy":"product_tag","embeddable":true,"href":"https:\/\/beachwheelseurope.com\/fr\/wp-json\/wp\/v2\/product_tag?post=2342"}],"curies":[{"name":"wp","href":"https:\/\/api.w.org\/{rel}","templated":true}]}}