{"id":487,"date":"2023-05-03T19:23:39","date_gmt":"2023-05-03T17:23:39","guid":{"rendered":"https:\/\/beachwheelseurope.com\/?post_type=product&#038;p=487"},"modified":"2026-04-22T15:55:21","modified_gmt":"2026-04-22T13:55:21","slug":"kit-de-conversion-de-playa-wheeleez-para-vagones-utilitarios-con-ruedas-de-poliuretano-de-4-a-30-cm-118%e2%80%b3","status":"publish","type":"product","link":"https:\/\/beachwheelseurope.com\/fr\/produit\/kit-de-conversion-de-playa-wheeleez-para-vagones-utilitarios-con-ruedas-de-poliuretano-de-4-a-30-cm-118%e2%80%b3\/","title":{"rendered":"Kit de conversion plage pour chariots utilitaires avec 4 roues en polyur\u00e9thane de 30 cm (11,8\u2033)"},"content":{"rendered":"<div id=\"tw-target-text-container\" class=\"tw-ta-container F0azHf tw-nfl\" tabindex=\"0\">\n<p id=\"tw-target-text\" class=\"tw-data-text tw-text-large tw-ta\" dir=\"ltr\" data-placeholder=\"Traducci\u00f3n\">Kit de conversi\u00f3n de playa Wheeleez\u2122 para vagones utilitarios con ejes de 16mm (5\/8 \u2033) de di\u00e1metro; permite la conversi\u00f3n a ruedas todoterreno\/de playa para una f\u00e1cil navegaci\u00f3n en terrenos dif\u00edciles.<\/p>\n<\/div>","protected":false},"excerpt":{"rendered":"<p>Kit de conversi\u00f3n de playa Wheeleez\u2122 para vagones utilitarios con ejes de 16mm (5\/8 \u2033) de di\u00e1metro; permite la conversi\u00f3n a ruedas todoterreno\/de playa para una f\u00e1cil navegaci\u00f3n en terrenos dif\u00edciles.<\/p>","protected":false},"featured_media":488,"comment_status":"closed","ping_status":"closed","template":"","meta":{"_acf_changed":false,"_joinchat":[]},"product_brand":[],"product_cat":[37],"product_tag":[],"class_list":{"0":"post-487","1":"product","2":"type-product","3":"status-publish","4":"has-post-thumbnail","6":"product_cat-kit-de-conversion-de-playa","8":"first","9":"outofstock","10":"taxable","11":"shipping-taxable","12":"purchasable","13":"product-type-simple"},"acf":[],"_links":{"self":[{"href":"https:\/\/beachwheelseurope.com\/fr\/wp-json\/wp\/v2\/product\/487","targetHints":{"allow":["GET"]}}],"collection":[{"href":"https:\/\/beachwheelseurope.com\/fr\/wp-json\/wp\/v2\/product"}],"about":[{"href":"https:\/\/beachwheelseurope.com\/fr\/wp-json\/wp\/v2\/types\/product"}],"replies":[{"embeddable":true,"href":"https:\/\/beachwheelseurope.com\/fr\/wp-json\/wp\/v2\/comments?post=487"}],"wp:featuredmedia":[{"embeddable":true,"href":"https:\/\/beachwheelseurope.com\/fr\/wp-json\/wp\/v2\/media\/488"}],"wp:attachment":[{"href":"https:\/\/beachwheelseurope.com\/fr\/wp-json\/wp\/v2\/media?parent=487"}],"wp:term":[{"taxonomy":"product_brand","embeddable":true,"href":"https:\/\/beachwheelseurope.com\/fr\/wp-json\/wp\/v2\/product_brand?post=487"},{"taxonomy":"product_cat","embeddable":true,"href":"https:\/\/beachwheelseurope.com\/fr\/wp-json\/wp\/v2\/product_cat?post=487"},{"taxonomy":"product_tag","embeddable":true,"href":"https:\/\/beachwheelseurope.com\/fr\/wp-json\/wp\/v2\/product_tag?post=487"}],"curies":[{"name":"wp","href":"https:\/\/api.w.org\/{rel}","templated":true}]}}