{"id":494,"date":"2023-05-03T19:32:04","date_gmt":"2023-05-03T17:32:04","guid":{"rendered":"https:\/\/beachwheelseurope.com\/?post_type=product&#038;p=494"},"modified":"2026-04-22T15:55:21","modified_gmt":"2026-04-22T13:55:21","slug":"wheeleez-beach-conversion-kit-for-utility-wagons-with-4-24-cm-9-4%e2%80%b3-polyurethane-wheels","status":"publish","type":"product","link":"https:\/\/beachwheelseurope.com\/fr\/produit\/wheeleez-beach-conversion-kit-for-utility-wagons-with-4-24-cm-9-4%e2%80%b3-polyurethane-wheels\/","title":{"rendered":"Kit de conversion plage pour chariots utilitaires avec 4 roues en polyur\u00e9thane de 24 cm (9,4\u2033)"},"content":{"rendered":"<p>Kit de conversi\u00f3n de playa Wheeleez\u2122 para vagones utilitarios con ejes de 16mm (5\/8 \u2033) de di\u00e1metro; permite la conversi\u00f3n a ruedas todoterreno\/de playa para una f\u00e1cil navegaci\u00f3n en terrenos dif\u00edciles.<\/p>","protected":false},"excerpt":{"rendered":"<p>Kit de conversi\u00f3n de playa Wheeleez\u2122 para vagones utilitarios con ejes de 16mm (5\/8 \u2033) de di\u00e1metro; permite la conversi\u00f3n a ruedas todoterreno\/de playa para una f\u00e1cil navegaci\u00f3n en terrenos dif\u00edciles.<\/p>","protected":false},"featured_media":495,"comment_status":"closed","ping_status":"closed","template":"","meta":{"_acf_changed":false,"_joinchat":[]},"product_brand":[],"product_cat":[37],"product_tag":[],"class_list":{"0":"post-494","1":"product","2":"type-product","3":"status-publish","4":"has-post-thumbnail","6":"product_cat-kit-de-conversion-de-playa","8":"first","9":"outofstock","10":"taxable","11":"shipping-taxable","12":"purchasable","13":"product-type-simple"},"acf":[],"_links":{"self":[{"href":"https:\/\/beachwheelseurope.com\/fr\/wp-json\/wp\/v2\/product\/494","targetHints":{"allow":["GET"]}}],"collection":[{"href":"https:\/\/beachwheelseurope.com\/fr\/wp-json\/wp\/v2\/product"}],"about":[{"href":"https:\/\/beachwheelseurope.com\/fr\/wp-json\/wp\/v2\/types\/product"}],"replies":[{"embeddable":true,"href":"https:\/\/beachwheelseurope.com\/fr\/wp-json\/wp\/v2\/comments?post=494"}],"wp:featuredmedia":[{"embeddable":true,"href":"https:\/\/beachwheelseurope.com\/fr\/wp-json\/wp\/v2\/media\/495"}],"wp:attachment":[{"href":"https:\/\/beachwheelseurope.com\/fr\/wp-json\/wp\/v2\/media?parent=494"}],"wp:term":[{"taxonomy":"product_brand","embeddable":true,"href":"https:\/\/beachwheelseurope.com\/fr\/wp-json\/wp\/v2\/product_brand?post=494"},{"taxonomy":"product_cat","embeddable":true,"href":"https:\/\/beachwheelseurope.com\/fr\/wp-json\/wp\/v2\/product_cat?post=494"},{"taxonomy":"product_tag","embeddable":true,"href":"https:\/\/beachwheelseurope.com\/fr\/wp-json\/wp\/v2\/product_tag?post=494"}],"curies":[{"name":"wp","href":"https:\/\/api.w.org\/{rel}","templated":true}]}}