{"id":582,"date":"2023-05-24T01:24:36","date_gmt":"2023-05-23T23:24:36","guid":{"rendered":"https:\/\/beachwheelseurope.com\/?post_type=product&#038;p=582"},"modified":"2026-04-22T15:47:32","modified_gmt":"2026-04-22T13:47:32","slug":"rueda-globo-de-30cm","status":"publish","type":"product","link":"https:\/\/beachwheelseurope.com\/fr\/produit\/roue-ballon-plage-30cm\/","title":{"rendered":"Roue ballon de plage 30cm"},"content":{"rendered":"<p>Dimensions: 30 x 18 cm<\/p>\n<p>Largeur bague\/roulement : 18.5 cm<\/p>\n<p>Charge maximale par roue : 55 kg<\/p>\n<p>Poids: 1.32KG<\/p>\n<p>Mat\u00e9riaux: <strong>Pneumatique:<\/strong> Polyur\u00e9thane <strong>Axe:<\/strong>\u00a0Polypropyl\u00e8ne<\/p>\n<p>Pression optimale : 2,5 psi (0,17 bar)<\/p>\n<p>Plage de pression : 2\u20134 psi (0,14\u20130,28 bar)<\/p>\n<p>Plage de temp\u00e9rature : de -15 \u00baC \u00e0 75 \u00baC<\/p>","protected":false},"excerpt":{"rendered":"<p class=\" translation-block\">Les roues ballon Wheel<em>eez<\/em>\u2122 de plage sont sp\u00e9cialement con\u00e7ues pour \u00e9voluer sur des terrains difficiles tels que le sable mou, la boue, le gravier, l\u2019herbe ou la roche. Elles excellent \u00e9galement sur des surfaces dures comme les rues et les trottoirs. Transporter des charges lourdes et encombrantes est facile avec nos roues. Les roues ballon ne s\u2019enfoncent pas dans les terrains mous. Parce que les roues Wheel<em>eez<\/em>\u2122 vont partout !<\/p>","protected":false},"featured_media":583,"comment_status":"closed","ping_status":"closed","template":"","meta":{"_acf_changed":false,"_joinchat":[]},"product_brand":[],"product_cat":[15,62,63,53,64,61,48,54,35],"product_tag":[],"class_list":{"0":"post-582","1":"product","2":"type-product","3":"status-publish","4":"has-post-thumbnail","6":"product_cat-ruedas","7":"product_cat-carro-de-playa-plegable","8":"product_cat-carro-de-playa-plegable-mini","9":"product_cat-recambios-carretas-de-playa-partes-plegables","10":"product_cat-recambios-de-carros-de-kayak","11":"product_cat-recambios-de-carros-de-playa","12":"product_cat-recambios-de-la-rueda-globo-de-30cm","13":"product_cat-recambios-plegables-carretas-de-playa-mini-partes","14":"product_cat-ruedas-globo","16":"first","17":"instock","18":"taxable","19":"shipping-taxable","20":"purchasable","21":"product-type-variable"},"acf":[],"_links":{"self":[{"href":"https:\/\/beachwheelseurope.com\/fr\/wp-json\/wp\/v2\/product\/582","targetHints":{"allow":["GET"]}}],"collection":[{"href":"https:\/\/beachwheelseurope.com\/fr\/wp-json\/wp\/v2\/product"}],"about":[{"href":"https:\/\/beachwheelseurope.com\/fr\/wp-json\/wp\/v2\/types\/product"}],"replies":[{"embeddable":true,"href":"https:\/\/beachwheelseurope.com\/fr\/wp-json\/wp\/v2\/comments?post=582"}],"wp:featuredmedia":[{"embeddable":true,"href":"https:\/\/beachwheelseurope.com\/fr\/wp-json\/wp\/v2\/media\/583"}],"wp:attachment":[{"href":"https:\/\/beachwheelseurope.com\/fr\/wp-json\/wp\/v2\/media?parent=582"}],"wp:term":[{"taxonomy":"product_brand","embeddable":true,"href":"https:\/\/beachwheelseurope.com\/fr\/wp-json\/wp\/v2\/product_brand?post=582"},{"taxonomy":"product_cat","embeddable":true,"href":"https:\/\/beachwheelseurope.com\/fr\/wp-json\/wp\/v2\/product_cat?post=582"},{"taxonomy":"product_tag","embeddable":true,"href":"https:\/\/beachwheelseurope.com\/fr\/wp-json\/wp\/v2\/product_tag?post=582"}],"curies":[{"name":"wp","href":"https:\/\/api.w.org\/{rel}","templated":true}]}}