{"id":618,"date":"2023-05-24T19:25:07","date_gmt":"2023-05-24T17:25:07","guid":{"rendered":"https:\/\/beachwheelseurope.com\/?post_type=product&#038;p=618"},"modified":"2026-04-22T15:47:36","modified_gmt":"2026-04-22T13:47:36","slug":"49cm-beach-wheel","status":"publish","type":"product","link":"https:\/\/beachwheelseurope.com\/fr\/produit\/roue-ballon-plage-49cm\/","title":{"rendered":"Roue ballon de plage 49cm"},"content":{"rendered":"<p>Les roues ballons WheelEEZ sont sp\u00e9cialement con\u00e7ues pour affronter les terrains difficiles tels que le sable, la boue, le gravier, l'herbe ou les rochers. Elles sont \u00e9galement performantes sur les surfaces dures comme les rues et les trottoirs. La faible pression des pneus permet de transporter facilement des charges lourdes sur des terrains instables. Les roues ballons ne s'enfoncent pas dans les sols meubles.<\/p>\n<p>Dimensions: 49 x 23 cm<\/p>\n<p>Largeur bague\/roulement : 19.8 cm<\/p>\n<p>Charge maximale par roue : 120 kg<\/p>\n<p>Poids: 2.78 kg<\/p>\n<p>Mat\u00e9riaux: <strong>Pneu:<\/strong> Polyur\u00e9thane<br \/>\n<strong>eje:<\/strong> Polypropyl\u00e8ne<\/p>\n<p>Pression optimale : 2,5 psi (0,17 bar)<\/p>\n<p>Plage de pression : 2\u20134 psi (0,14\u20130,28 bar)<\/p>\n<p>Plage de temp\u00e9rature : de -15 \u00baC \u00e0 75 \u00baC<\/p>","protected":false},"excerpt":{"rendered":"<p class=\" translation-block\">Les roues ballon Wheel<em>eez<\/em>\u2122 de plage sont sp\u00e9cialement con\u00e7ues pour \u00e9voluer sur des terrains difficiles tels que le sable mou, la boue, le gravier, l\u2019herbe ou la roche. Elles excellent \u00e9galement sur des surfaces dures comme les rues et les trottoirs. Transporter des charges lourdes et encombrantes est facile avec nos roues. Les roues ballon ne s\u2019enfoncent pas dans les terrains mous. Parce que les roues Wheel<em>eez<\/em>\u2122 vont partout !<\/p>","protected":false},"featured_media":2042,"comment_status":"closed","ping_status":"closed","template":"","meta":{"_acf_changed":false,"_joinchat":[]},"product_brand":[],"product_cat":[15,68,72,76,49,59,35],"product_tag":[],"class_list":{"0":"post-618","1":"product","2":"type-product","3":"status-publish","4":"has-post-thumbnail","6":"product_cat-ruedas","7":"product_cat-muneca-de-12-bastidor-partes","8":"product_cat-muneca-de-24-bastidor-partes","9":"product_cat-muneca-de-36-bastidor-partes","10":"product_cat-recambios-de-la-rueda-globo-de-42cm-y-49cm","11":"product_cat-recambios-partes-de-muneca-para-jet-ski","12":"product_cat-ruedas-globo","14":"first","15":"instock","16":"taxable","17":"shipping-taxable","18":"purchasable","19":"product-type-variable"},"acf":[],"_links":{"self":[{"href":"https:\/\/beachwheelseurope.com\/fr\/wp-json\/wp\/v2\/product\/618","targetHints":{"allow":["GET"]}}],"collection":[{"href":"https:\/\/beachwheelseurope.com\/fr\/wp-json\/wp\/v2\/product"}],"about":[{"href":"https:\/\/beachwheelseurope.com\/fr\/wp-json\/wp\/v2\/types\/product"}],"replies":[{"embeddable":true,"href":"https:\/\/beachwheelseurope.com\/fr\/wp-json\/wp\/v2\/comments?post=618"}],"wp:featuredmedia":[{"embeddable":true,"href":"https:\/\/beachwheelseurope.com\/fr\/wp-json\/wp\/v2\/media\/2042"}],"wp:attachment":[{"href":"https:\/\/beachwheelseurope.com\/fr\/wp-json\/wp\/v2\/media?parent=618"}],"wp:term":[{"taxonomy":"product_brand","embeddable":true,"href":"https:\/\/beachwheelseurope.com\/fr\/wp-json\/wp\/v2\/product_brand?post=618"},{"taxonomy":"product_cat","embeddable":true,"href":"https:\/\/beachwheelseurope.com\/fr\/wp-json\/wp\/v2\/product_cat?post=618"},{"taxonomy":"product_tag","embeddable":true,"href":"https:\/\/beachwheelseurope.com\/fr\/wp-json\/wp\/v2\/product_tag?post=618"}],"curies":[{"name":"wp","href":"https:\/\/api.w.org\/{rel}","templated":true}]}}