{"id":654,"date":"2023-05-31T16:33:34","date_gmt":"2023-05-31T14:33:34","guid":{"rendered":"https:\/\/beachwheelseurope.com\/?post_type=product&#038;p=654"},"modified":"2026-04-18T11:57:22","modified_gmt":"2026-04-18T09:57:22","slug":"carro-de-playa-plegabe-mini-2","status":"publish","type":"product","link":"https:\/\/beachwheelseurope.com\/fr\/produit\/chariot-de-plage-pliable-mini\/","title":{"rendered":"Mini Chariot de plage pliable"},"content":{"rendered":"<p>Le chariot de plage pliable mini avec roues ballon de 24 cm est id\u00e9al lorsque vous n\u2019avez pas besoin de grande capacit\u00e9. Il offre la m\u00eame qualit\u00e9 et facilit\u00e9 d\u2019utilisation sur le sable ou les surfaces molles. Parfait pour transporter tout votre \u00e9quipement de plage en un seul trajet. Il est \u00e9galement parfait pour un usage domestique, comme chariot de jardinage ou pour le linge.<\/p>","protected":false},"excerpt":{"rendered":"<p>Le chariot de plage pliable Mini est \u00e9quip\u00e9 de roues ballon de 24 cm et d\u2019un syst\u00e8me \u00e0 molette facilitant le changement de roue. Sa capacit\u00e9 de charge est de 45 kg. Il est livr\u00e9 avec 2 sangles de fixation et un \u00e9lastique.<\/p>","protected":false},"featured_media":655,"comment_status":"closed","ping_status":"closed","template":"","meta":{"_acf_changed":false,"_joinchat":[]},"product_brand":[],"product_cat":[62,63,29,53],"product_tag":[],"class_list":{"0":"post-654","1":"product","2":"type-product","3":"status-publish","4":"has-post-thumbnail","6":"product_cat-carro-de-playa-plegable","7":"product_cat-carro-de-playa-plegable-mini","8":"product_cat-carros-de-playa","9":"product_cat-recambios-carretas-de-playa-partes-plegables","11":"first","12":"instock","13":"taxable","14":"shipping-taxable","15":"purchasable","16":"product-type-simple"},"acf":[],"_links":{"self":[{"href":"https:\/\/beachwheelseurope.com\/fr\/wp-json\/wp\/v2\/product\/654","targetHints":{"allow":["GET"]}}],"collection":[{"href":"https:\/\/beachwheelseurope.com\/fr\/wp-json\/wp\/v2\/product"}],"about":[{"href":"https:\/\/beachwheelseurope.com\/fr\/wp-json\/wp\/v2\/types\/product"}],"replies":[{"embeddable":true,"href":"https:\/\/beachwheelseurope.com\/fr\/wp-json\/wp\/v2\/comments?post=654"}],"wp:featuredmedia":[{"embeddable":true,"href":"https:\/\/beachwheelseurope.com\/fr\/wp-json\/wp\/v2\/media\/655"}],"wp:attachment":[{"href":"https:\/\/beachwheelseurope.com\/fr\/wp-json\/wp\/v2\/media?parent=654"}],"wp:term":[{"taxonomy":"product_brand","embeddable":true,"href":"https:\/\/beachwheelseurope.com\/fr\/wp-json\/wp\/v2\/product_brand?post=654"},{"taxonomy":"product_cat","embeddable":true,"href":"https:\/\/beachwheelseurope.com\/fr\/wp-json\/wp\/v2\/product_cat?post=654"},{"taxonomy":"product_tag","embeddable":true,"href":"https:\/\/beachwheelseurope.com\/fr\/wp-json\/wp\/v2\/product_tag?post=654"}],"curies":[{"name":"wp","href":"https:\/\/api.w.org\/{rel}","templated":true}]}}