{"id":662,"date":"2023-05-31T16:41:12","date_gmt":"2023-05-31T14:41:12","guid":{"rendered":"https:\/\/beachwheelseurope.com\/?post_type=product&#038;p=662"},"modified":"2026-04-22T15:55:23","modified_gmt":"2026-04-22T13:55:23","slug":"carro-para-kayak-con-ruedas-espumadas-de-26cm-2","status":"publish","type":"product","link":"https:\/\/beachwheelseurope.com\/fr\/produit\/chariot-kayak-roues-en-mousse-26cm\/","title":{"rendered":"Chariot pour kayak avec roues en mousse de 26 cm"},"content":{"rendered":"<p>Le chariot pour kayak est \u00e9quip\u00e9 de roues en mousse de 26 cm. Celles-ci sont increvables et faciles d'entretien. Sa structure est en tubes d'aluminium de 3 mm d'\u00e9paisseur.<\/p>\n<p class=\" translation-block\">Ce chariot de kayak \u00e0 roues en mousse comprend\u00a0:<br>\n\n\u2013 Cadre en aluminium avec visserie en acier inoxydable<br>\n\n\u2013 2 roues en mousse de 26\u00a0cm (entraxe de 20\u00a0mm)<br>\n\n\u2013 2 sangles d'arrimage de 4\u00a0m avec boucles<\/p>","protected":false},"excerpt":{"rendered":"<p>Ce chariot pour kayak est \u00e9quip\u00e9 de deux roues en mousse de 26 cm et supporte une charge maximale de 80 kg. Il poss\u00e8de un cadre en aluminium avec des fixations en acier inoxydable et comprend deux sangles d'arrimage de 4 m\u00e8tres avec boucles.<\/p>","protected":false},"featured_media":663,"comment_status":"closed","ping_status":"closed","template":"","meta":{"_acf_changed":false,"_joinchat":[]},"product_brand":[],"product_cat":[30,66],"product_tag":[],"class_list":{"0":"post-662","1":"product","2":"type-product","3":"status-publish","4":"has-post-thumbnail","6":"product_cat-carros-para-kayak","7":"product_cat-recambios-de-carros-para-kayak-canoa-con-neumaticos-tuff","9":"first","10":"instock","11":"taxable","12":"shipping-taxable","13":"purchasable","14":"product-type-simple"},"acf":[],"_links":{"self":[{"href":"https:\/\/beachwheelseurope.com\/fr\/wp-json\/wp\/v2\/product\/662","targetHints":{"allow":["GET"]}}],"collection":[{"href":"https:\/\/beachwheelseurope.com\/fr\/wp-json\/wp\/v2\/product"}],"about":[{"href":"https:\/\/beachwheelseurope.com\/fr\/wp-json\/wp\/v2\/types\/product"}],"replies":[{"embeddable":true,"href":"https:\/\/beachwheelseurope.com\/fr\/wp-json\/wp\/v2\/comments?post=662"}],"wp:featuredmedia":[{"embeddable":true,"href":"https:\/\/beachwheelseurope.com\/fr\/wp-json\/wp\/v2\/media\/663"}],"wp:attachment":[{"href":"https:\/\/beachwheelseurope.com\/fr\/wp-json\/wp\/v2\/media?parent=662"}],"wp:term":[{"taxonomy":"product_brand","embeddable":true,"href":"https:\/\/beachwheelseurope.com\/fr\/wp-json\/wp\/v2\/product_brand?post=662"},{"taxonomy":"product_cat","embeddable":true,"href":"https:\/\/beachwheelseurope.com\/fr\/wp-json\/wp\/v2\/product_cat?post=662"},{"taxonomy":"product_tag","embeddable":true,"href":"https:\/\/beachwheelseurope.com\/fr\/wp-json\/wp\/v2\/product_tag?post=662"}],"curies":[{"name":"wp","href":"https:\/\/api.w.org\/{rel}","templated":true}]}}