{"id":665,"date":"2023-05-31T16:45:36","date_gmt":"2023-05-31T14:45:36","guid":{"rendered":"https:\/\/beachwheelseurope.com\/?post_type=product&#038;p=665"},"modified":"2026-04-22T15:55:23","modified_gmt":"2026-04-22T13:55:23","slug":"carro-para-kayak-con-ruedas-espumadas-de-38cm-2","status":"publish","type":"product","link":"https:\/\/beachwheelseurope.com\/fr\/produit\/chariot-kayak-roues-mousse-38cm\/","title":{"rendered":"Chariot pour kayak avec roues en mousse de 38 cm"},"content":{"rendered":"<p>Le chariot pour kayak est \u00e9quip\u00e9 de roues en mousse. Celles-ci sont increvables et faciles d'entretien. Il est fabriqu\u00e9 en tubes d'aluminium de 3 mm d'\u00e9paisseur.<\/p>\n<p class=\" translation-block\">Este carro para Kayak con ruedas Espumadas<br>\r\n\u2013 Estructura de aluminio con torniller\u00eda de acero inoxidable<br>\r\n\u2013 2x&nbsp;<a href=\"https:\/\/beachwheelseurope.com\/producto\/rueda-espumada-de-38cm-paso-eje-20-mm\/\" target=\"_self\">Rueda espumada de 38cm, paso de eje 20mm<\/a><br>\r\n\u2013 2x Correas de amarre de 5m con hebilla<\/p>","protected":false},"excerpt":{"rendered":"<p>El carro para Kayak est\u00e1 equipado con ruedas de espuma. No se desinchan y son f\u00e1ciles de manterner. Tubo de aluminio de 3mm de grosor. Este carro para Kayak con ruedas Espumadas \u2013 Estructura de aluminio con torniller\u00eda de acero inoxidable \u2013 2x\u00a0Rueda espumada de 38cm, paso de eje 20mm \u2013 2x Correas de amarre [&hellip;]<\/p>","protected":false},"featured_media":666,"comment_status":"closed","ping_status":"closed","template":"","meta":{"_acf_changed":false,"_joinchat":[]},"product_brand":[],"product_cat":[30,66],"product_tag":[],"class_list":{"0":"post-665","1":"product","2":"type-product","3":"status-publish","4":"has-post-thumbnail","6":"product_cat-carros-para-kayak","7":"product_cat-recambios-de-carros-para-kayak-canoa-con-neumaticos-tuff","9":"first","10":"instock","11":"taxable","12":"shipping-taxable","13":"purchasable","14":"product-type-simple"},"acf":[],"_links":{"self":[{"href":"https:\/\/beachwheelseurope.com\/fr\/wp-json\/wp\/v2\/product\/665","targetHints":{"allow":["GET"]}}],"collection":[{"href":"https:\/\/beachwheelseurope.com\/fr\/wp-json\/wp\/v2\/product"}],"about":[{"href":"https:\/\/beachwheelseurope.com\/fr\/wp-json\/wp\/v2\/types\/product"}],"replies":[{"embeddable":true,"href":"https:\/\/beachwheelseurope.com\/fr\/wp-json\/wp\/v2\/comments?post=665"}],"wp:featuredmedia":[{"embeddable":true,"href":"https:\/\/beachwheelseurope.com\/fr\/wp-json\/wp\/v2\/media\/666"}],"wp:attachment":[{"href":"https:\/\/beachwheelseurope.com\/fr\/wp-json\/wp\/v2\/media?parent=665"}],"wp:term":[{"taxonomy":"product_brand","embeddable":true,"href":"https:\/\/beachwheelseurope.com\/fr\/wp-json\/wp\/v2\/product_brand?post=665"},{"taxonomy":"product_cat","embeddable":true,"href":"https:\/\/beachwheelseurope.com\/fr\/wp-json\/wp\/v2\/product_cat?post=665"},{"taxonomy":"product_tag","embeddable":true,"href":"https:\/\/beachwheelseurope.com\/fr\/wp-json\/wp\/v2\/product_tag?post=665"}],"curies":[{"name":"wp","href":"https:\/\/api.w.org\/{rel}","templated":true}]}}