{"id":667,"date":"2023-05-31T16:49:32","date_gmt":"2023-05-31T14:49:32","guid":{"rendered":"https:\/\/beachwheelseurope.com\/?post_type=product&#038;p=667"},"modified":"2026-04-22T15:55:23","modified_gmt":"2026-04-22T13:55:23","slug":"carro-para-kayak-con-ruedas-globo-de-24cm","status":"publish","type":"product","link":"https:\/\/beachwheelseurope.com\/fr\/produit\/chariot-kayak-roues-ballon-24cm\/","title":{"rendered":"Chariot pour kayak avec roues ballon de 24cm"},"content":{"rendered":"<p>Le chariot pour kayak, \u00e9quip\u00e9 de roues ballon de 24 cm, d\u00e9placera facilement votre cano\u00eb ou kayak sur les surfaces les plus difficiles, le sable fin ou les sols humides.<\/p>\n<p class=\" translation-block\">Le chariot pour mini kayak comprend\u00a0:<br>\n\n\u2013 Cadre en aluminium avec visserie en acier inoxydable<br>\n\n\u2013 2 roues ballon de 24\u00a0cm, entraxe de 20\u00a0mm <br>\n\n\u2013 2 sangles d\u2019arrimage de 4\u00a0m avec boucles<\/p>","protected":false},"excerpt":{"rendered":"<p>Ce chariot pour kayak est \u00e9quip\u00e9 de deux roues \u00e0 ballon basse pression de 24 cm et supporte une charge maximale de 45 kg. Il poss\u00e8de un cadre en aluminium avec des fixations en acier inoxydable et comprend deux sangles d'arrimage de 4 m\u00e8tres avec boucles.<\/p>","protected":false},"featured_media":668,"comment_status":"closed","ping_status":"closed","template":"","meta":{"_acf_changed":false,"_joinchat":[]},"product_brand":[],"product_cat":[30,65],"product_tag":[],"class_list":{"0":"post-667","1":"product","2":"type-product","3":"status-publish","4":"has-post-thumbnail","6":"product_cat-carros-para-kayak","7":"product_cat-recambios-de-carros-de-kayak-mini","9":"first","10":"instock","11":"taxable","12":"shipping-taxable","13":"purchasable","14":"product-type-simple"},"acf":[],"_links":{"self":[{"href":"https:\/\/beachwheelseurope.com\/fr\/wp-json\/wp\/v2\/product\/667","targetHints":{"allow":["GET"]}}],"collection":[{"href":"https:\/\/beachwheelseurope.com\/fr\/wp-json\/wp\/v2\/product"}],"about":[{"href":"https:\/\/beachwheelseurope.com\/fr\/wp-json\/wp\/v2\/types\/product"}],"replies":[{"embeddable":true,"href":"https:\/\/beachwheelseurope.com\/fr\/wp-json\/wp\/v2\/comments?post=667"}],"wp:featuredmedia":[{"embeddable":true,"href":"https:\/\/beachwheelseurope.com\/fr\/wp-json\/wp\/v2\/media\/668"}],"wp:attachment":[{"href":"https:\/\/beachwheelseurope.com\/fr\/wp-json\/wp\/v2\/media?parent=667"}],"wp:term":[{"taxonomy":"product_brand","embeddable":true,"href":"https:\/\/beachwheelseurope.com\/fr\/wp-json\/wp\/v2\/product_brand?post=667"},{"taxonomy":"product_cat","embeddable":true,"href":"https:\/\/beachwheelseurope.com\/fr\/wp-json\/wp\/v2\/product_cat?post=667"},{"taxonomy":"product_tag","embeddable":true,"href":"https:\/\/beachwheelseurope.com\/fr\/wp-json\/wp\/v2\/product_tag?post=667"}],"curies":[{"name":"wp","href":"https:\/\/api.w.org\/{rel}","templated":true}]}}