{"id":676,"date":"2023-05-31T16:56:48","date_gmt":"2023-05-31T14:56:48","guid":{"rendered":"https:\/\/beachwheelseurope.com\/?post_type=product&#038;p=676"},"modified":"2026-04-22T17:17:24","modified_gmt":"2026-04-22T15:17:24","slug":"carro-para-kayak-con-ruedas-globo-de-42cm","status":"publish","type":"product","link":"https:\/\/beachwheelseurope.com\/fr\/produit\/chariot-kayak-roues-ballon-42cm\/","title":{"rendered":"Chariot pour kayak avec roues ballon de 42cm"},"content":{"rendered":"<p>Le chariot pour kayak, \u00e9quip\u00e9 de roues ballon de 42 cm, d\u00e9placera facilement votre cano\u00eb ou kayak sur les surfaces les plus difficiles, le sable fin ou les sols humides.<\/p>\n<p>Ce chariot pour kayak avec roues ballon de 42 cm comprend :<\/p>\n<p>\u2013 Structure en aluminium avec vis en acier inoxydable<br \/>\n\u2013 2x\u00a0<a href=\"https:\/\/beachwheelseurope.com\/fr\/produit\/roue-ballon-plage-42cm\/\">Roue Globe de 42 cm, entraxe de 20 mm<\/a><br \/>\n\u2013 2 sangles d'arrimage de 5 m\u00e8tres avec boucle<\/p>","protected":false},"excerpt":{"rendered":"<p>Ce chariot pour kayak est \u00e9quip\u00e9 de deux roues \u00e0 ballon basse pression de 42 cm et supporte une charge maximale de 136 kg. Il poss\u00e8de un cadre en aluminium avec des fixations en acier inoxydable et comprend deux sangles d'arrimage de 5 m\u00e8tres avec boucles.<\/p>","protected":false},"featured_media":677,"comment_status":"closed","ping_status":"closed","template":"","meta":{"_acf_changed":false,"_joinchat":[]},"product_brand":[],"product_cat":[38,30,64],"product_tag":[],"class_list":{"0":"post-676","1":"product","2":"type-product","3":"status-publish","4":"has-post-thumbnail","6":"product_cat-accesorios-y-recambios","7":"product_cat-carros-para-kayak","8":"product_cat-recambios-de-carros-de-kayak","10":"first","11":"instock","12":"taxable","13":"shipping-taxable","14":"purchasable","15":"product-type-simple"},"acf":[],"_links":{"self":[{"href":"https:\/\/beachwheelseurope.com\/fr\/wp-json\/wp\/v2\/product\/676","targetHints":{"allow":["GET"]}}],"collection":[{"href":"https:\/\/beachwheelseurope.com\/fr\/wp-json\/wp\/v2\/product"}],"about":[{"href":"https:\/\/beachwheelseurope.com\/fr\/wp-json\/wp\/v2\/types\/product"}],"replies":[{"embeddable":true,"href":"https:\/\/beachwheelseurope.com\/fr\/wp-json\/wp\/v2\/comments?post=676"}],"wp:featuredmedia":[{"embeddable":true,"href":"https:\/\/beachwheelseurope.com\/fr\/wp-json\/wp\/v2\/media\/677"}],"wp:attachment":[{"href":"https:\/\/beachwheelseurope.com\/fr\/wp-json\/wp\/v2\/media?parent=676"}],"wp:term":[{"taxonomy":"product_brand","embeddable":true,"href":"https:\/\/beachwheelseurope.com\/fr\/wp-json\/wp\/v2\/product_brand?post=676"},{"taxonomy":"product_cat","embeddable":true,"href":"https:\/\/beachwheelseurope.com\/fr\/wp-json\/wp\/v2\/product_cat?post=676"},{"taxonomy":"product_tag","embeddable":true,"href":"https:\/\/beachwheelseurope.com\/fr\/wp-json\/wp\/v2\/product_tag?post=676"}],"curies":[{"name":"wp","href":"https:\/\/api.w.org\/{rel}","templated":true}]}}