{"id":680,"date":"2023-05-31T17:00:21","date_gmt":"2023-05-31T15:00:21","guid":{"rendered":"https:\/\/beachwheelseurope.com\/?post_type=product&#038;p=680"},"modified":"2025-05-12T12:49:32","modified_gmt":"2025-05-12T10:49:32","slug":"carro-de-varada-con-ruedas-espumadas-de-26cm-2","status":"publish","type":"product","link":"https:\/\/beachwheelseurope.com\/fr\/produit\/chariot-de-mise-a-l-eau-roues-en-mousse-26cm\/","title":{"rendered":"Chariot de mise \u00e0 l'eau avec roues en mousse de 26cm"},"content":{"rendered":"<p>Ce chariot de mise-\u00e0-l'eau est \u00e9quip\u00e9 de roues de 26 cm de diam\u00e8tre avec rembourrage en mousse pour faciliter le transport sur les surfaces dures. Il supporte une charge utile de 110 kg et son ch\u00e2ssis est fabriqu\u00e9 en aluminium de qualit\u00e9 marine. La longueur, la largeur et la hauteur du ch\u00e2ssis sont r\u00e9glables pour s'adapter \u00e0 diff\u00e9rents types de bateaux.<\/p>\n<p>Le chariot de mise-\u00e0-l'eau comprend :<\/p>\n<ul>\n<li>4 sections du cadre principal<\/li>\n<li>2 montants \u00e0 roulettes<\/li>\n<li>1 rodillo de tope de proa<\/li>\n<li>1 correa cruzada<\/li>\n<li>2 ejes con pasadores de fijaci\u00f3n r\u00e1pida (QCP)<\/li>\n<li>7 Pines de bloqueo de alambre (WLP)<\/li>\n<li>1 mango con espu\u00f1adura de espuma<\/li>\n<\/ul>","protected":false},"excerpt":{"rendered":"<p>Este modelo de Carro de Varada tiene Ruedas Espumadas de 26cm para transportar peso sobre terrenos r\u00edgidos. Su capacidad de carga es de 110kg y la estructura est\u00e1 hecha con aluminio de grado marino. La longitud, la anchura y la altura de la estructura son ajustables para adaptar su tama\u00f1o a diversos tipos de embarcaciones. [&hellip;]<\/p>","protected":false},"featured_media":681,"comment_status":"closed","ping_status":"closed","template":"","meta":{"_acf_changed":false,"_joinchat":[]},"product_brand":[],"product_cat":[31],"product_tag":[],"class_list":{"0":"post-680","1":"product","2":"type-product","3":"status-publish","4":"has-post-thumbnail","6":"product_cat-carros-de-varada","8":"first","9":"instock","10":"taxable","11":"shipping-taxable","12":"purchasable","13":"product-type-woosb"},"acf":[],"_links":{"self":[{"href":"https:\/\/beachwheelseurope.com\/fr\/wp-json\/wp\/v2\/product\/680","targetHints":{"allow":["GET"]}}],"collection":[{"href":"https:\/\/beachwheelseurope.com\/fr\/wp-json\/wp\/v2\/product"}],"about":[{"href":"https:\/\/beachwheelseurope.com\/fr\/wp-json\/wp\/v2\/types\/product"}],"replies":[{"embeddable":true,"href":"https:\/\/beachwheelseurope.com\/fr\/wp-json\/wp\/v2\/comments?post=680"}],"wp:featuredmedia":[{"embeddable":true,"href":"https:\/\/beachwheelseurope.com\/fr\/wp-json\/wp\/v2\/media\/681"}],"wp:attachment":[{"href":"https:\/\/beachwheelseurope.com\/fr\/wp-json\/wp\/v2\/media?parent=680"}],"wp:term":[{"taxonomy":"product_brand","embeddable":true,"href":"https:\/\/beachwheelseurope.com\/fr\/wp-json\/wp\/v2\/product_brand?post=680"},{"taxonomy":"product_cat","embeddable":true,"href":"https:\/\/beachwheelseurope.com\/fr\/wp-json\/wp\/v2\/product_cat?post=680"},{"taxonomy":"product_tag","embeddable":true,"href":"https:\/\/beachwheelseurope.com\/fr\/wp-json\/wp\/v2\/product_tag?post=680"}],"curies":[{"name":"wp","href":"https:\/\/api.w.org\/{rel}","templated":true}]}}