{"id":684,"date":"2023-05-31T17:06:02","date_gmt":"2023-05-31T15:06:02","guid":{"rendered":"https:\/\/beachwheelseurope.com\/?post_type=product&#038;p=684"},"modified":"2026-04-22T15:55:21","modified_gmt":"2026-04-22T13:55:21","slug":"carro-de-varada-con-ruedas-globo-de-30cm","status":"publish","type":"product","link":"https:\/\/beachwheelseurope.com\/fr\/produit\/chariot-mise-eau-avec-roues-ballon-de-30cm\/","title":{"rendered":"Chariot de mise \u00e0 l'eau avec roues ballon de 30cm"},"content":{"rendered":"<p>Ce chariot de mise \u00e0 l'eau est \u00e9quip\u00e9e de roues de 30 cm de diam\u00e8tre pour faciliter le transport de charges sur sable mou ou autres terrains. Elle supporte une charge maximale de 110 kg et sa structure est en aluminium de qualit\u00e9 marine. Ses dimensions (longueur, largeur et hauteur) sont r\u00e9glables pour s'adapter \u00e0 diff\u00e9rents types d'embarcations.<\/p>\n<p>Le chariot de mise-\u00e0-l'eau comprend :<\/p>\n<ul>\n<li>4 sections du cadre principal<\/li>\n<li>2 montants \u00e0 roulettes<\/li>\n<li>1 rodillo de tope de proa<\/li>\n<li>1 correa cruzada<\/li>\n<li>2 ejes con pasadores de fijaci\u00f3n r\u00e1pida (QCP)<\/li>\n<li>7 Pines de bloqueo de alambre (WLP)<\/li>\n<li>1 mango con espu\u00f1adura de espuma<\/li>\n<\/ul>","protected":false},"excerpt":{"rendered":"<p>Este modelo de Carro de Varada tiene Ruedas Globo de 30cm para transportar peso sobre arena blanda o cualquier otro terreno. Su capacidad de carga es de 110kg y la estructura est\u00e1 hecha con aluminio de grado marino. La longitud, la anchura y la altura de la estructura son ajustables para adaptar su tama\u00f1o a [&hellip;]<\/p>","protected":false},"featured_media":685,"comment_status":"closed","ping_status":"closed","template":"","meta":{"_acf_changed":false,"_joinchat":[]},"product_brand":[],"product_cat":[31],"product_tag":[],"class_list":{"0":"post-684","1":"product","2":"type-product","3":"status-publish","4":"has-post-thumbnail","6":"product_cat-carros-de-varada","8":"first","9":"instock","10":"taxable","11":"shipping-taxable","12":"purchasable","13":"product-type-woosb"},"acf":[],"_links":{"self":[{"href":"https:\/\/beachwheelseurope.com\/fr\/wp-json\/wp\/v2\/product\/684","targetHints":{"allow":["GET"]}}],"collection":[{"href":"https:\/\/beachwheelseurope.com\/fr\/wp-json\/wp\/v2\/product"}],"about":[{"href":"https:\/\/beachwheelseurope.com\/fr\/wp-json\/wp\/v2\/types\/product"}],"replies":[{"embeddable":true,"href":"https:\/\/beachwheelseurope.com\/fr\/wp-json\/wp\/v2\/comments?post=684"}],"wp:featuredmedia":[{"embeddable":true,"href":"https:\/\/beachwheelseurope.com\/fr\/wp-json\/wp\/v2\/media\/685"}],"wp:attachment":[{"href":"https:\/\/beachwheelseurope.com\/fr\/wp-json\/wp\/v2\/media?parent=684"}],"wp:term":[{"taxonomy":"product_brand","embeddable":true,"href":"https:\/\/beachwheelseurope.com\/fr\/wp-json\/wp\/v2\/product_brand?post=684"},{"taxonomy":"product_cat","embeddable":true,"href":"https:\/\/beachwheelseurope.com\/fr\/wp-json\/wp\/v2\/product_cat?post=684"},{"taxonomy":"product_tag","embeddable":true,"href":"https:\/\/beachwheelseurope.com\/fr\/wp-json\/wp\/v2\/product_tag?post=684"}],"curies":[{"name":"wp","href":"https:\/\/api.w.org\/{rel}","templated":true}]}}