{"id":692,"date":"2023-05-31T17:21:51","date_gmt":"2023-05-31T15:21:51","guid":{"rendered":"https:\/\/beachwheelseurope.com\/?post_type=product&#038;p=692"},"modified":"2026-04-22T15:55:22","modified_gmt":"2026-04-22T13:55:22","slug":"carro-para-moto-de-agua-d24-2","status":"publish","type":"product","link":"https:\/\/beachwheelseurope.com\/fr\/produit\/chariot-de-plage-pour-jet-ski-d24\/","title":{"rendered":"Chariot de plage pour jet ski D24"},"content":{"rendered":"<p>Ce chariot pour jet-ski est la solution id\u00e9ale pour transporter votre jet-ski sur des surfaces difficiles, comme le sable de la plage, o\u00f9 d'autres roues s\u2019enlisent.<\/p>\n<p>Les roues ballon WheelEEZ sont sp\u00e9cialement con\u00e7ues pour transporter des charges sur des terrains difficiles comme le sable, la boue, le gravier, l\u2019herbe et la roche. Elles sont \u00e9galement excellentes sur des surfaces dures telles que les rues et les trottoirs. La basse pression des pneus permet de transporter facilement des charges lourdes sur des terrains instables. Les roues de plage ne s\u2019enfonceront pas dans les terrains mous.<\/p>","protected":false},"excerpt":{"rendered":"<p>Chariot pour jet-ski avec 4 roues ballon de 49 cm. Capacit\u00e9 de charge de 350 kg. Comprend des sangles de retenue pour un transport s\u00e9curis\u00e9. \u00c9quip\u00e9 d\u2019une poign\u00e9e. Kit d\u2019attelage ATV en option pour connecter votre quad. Treuil manuel en option.<\/p>","protected":false},"featured_media":693,"comment_status":"closed","ping_status":"closed","template":"","meta":{"_acf_changed":false,"_joinchat":[]},"product_brand":[],"product_cat":[72,32],"product_tag":[],"class_list":{"0":"post-692","1":"product","2":"type-product","3":"status-publish","4":"has-post-thumbnail","6":"product_cat-muneca-de-24-bastidor-partes","7":"product_cat-carros-para-moto-de-agua","9":"first","10":"instock","11":"taxable","12":"shipping-taxable","13":"purchasable","14":"product-type-simple"},"acf":[],"_links":{"self":[{"href":"https:\/\/beachwheelseurope.com\/fr\/wp-json\/wp\/v2\/product\/692","targetHints":{"allow":["GET"]}}],"collection":[{"href":"https:\/\/beachwheelseurope.com\/fr\/wp-json\/wp\/v2\/product"}],"about":[{"href":"https:\/\/beachwheelseurope.com\/fr\/wp-json\/wp\/v2\/types\/product"}],"replies":[{"embeddable":true,"href":"https:\/\/beachwheelseurope.com\/fr\/wp-json\/wp\/v2\/comments?post=692"}],"wp:featuredmedia":[{"embeddable":true,"href":"https:\/\/beachwheelseurope.com\/fr\/wp-json\/wp\/v2\/media\/693"}],"wp:attachment":[{"href":"https:\/\/beachwheelseurope.com\/fr\/wp-json\/wp\/v2\/media?parent=692"}],"wp:term":[{"taxonomy":"product_brand","embeddable":true,"href":"https:\/\/beachwheelseurope.com\/fr\/wp-json\/wp\/v2\/product_brand?post=692"},{"taxonomy":"product_cat","embeddable":true,"href":"https:\/\/beachwheelseurope.com\/fr\/wp-json\/wp\/v2\/product_cat?post=692"},{"taxonomy":"product_tag","embeddable":true,"href":"https:\/\/beachwheelseurope.com\/fr\/wp-json\/wp\/v2\/product_tag?post=692"}],"curies":[{"name":"wp","href":"https:\/\/api.w.org\/{rel}","templated":true}]}}