{"id":699,"date":"2023-05-31T17:31:58","date_gmt":"2023-05-31T15:31:58","guid":{"rendered":"https:\/\/beachwheelseurope.com\/?post_type=product&#038;p=699"},"modified":"2026-04-22T15:45:24","modified_gmt":"2026-04-22T13:45:24","slug":"carro-para-paddle-surf-individual-2","status":"publish","type":"product","link":"https:\/\/beachwheelseurope.com\/fr\/produit\/carro-para-paddle-surf-individual-2\/","title":{"rendered":"Chariot pour paddle individue"},"content":{"rendered":"<p>Este Carro Stand Up Paddle Individual te permite transportar una tabla de paddle con facilidad. Su capacidad de carga m\u00e1xima es de 55kg. Viene con Ruedas Espumadas EVA de 25.4cm pero existe la opci\u00f3n de a\u00f1adir dos Ruedas Globo de 24cm para un mejor rendimiento sobre arena. El Carro para Paddle Surf individual incluye dos correas de sujeci\u00f3n de 4 metros cada una.<\/p>","protected":false},"excerpt":{"rendered":"<p>Este Carro Stand Up Paddle Individual te permite transportar una tabla de paddle con facilidad. Su capacidad de carga m\u00e1xima es de 55kg. Viene con Ruedas Espumadas EVA de 25.4cm pero existe la opci\u00f3n de a\u00f1adir dos Ruedas Globo de 24cm para un mejor rendimiento sobre arena. El Carro para Paddle Surf individual incluye dos [&hellip;]<\/p>","protected":false},"featured_media":700,"comment_status":"closed","ping_status":"closed","template":"","meta":{"_acf_changed":false,"_joinchat":[]},"product_brand":[],"product_cat":[33],"product_tag":[],"class_list":{"0":"post-699","1":"product","2":"type-product","3":"status-publish","4":"has-post-thumbnail","6":"product_cat-carros-para-paddle-surf","8":"first","9":"instock","10":"taxable","11":"shipping-taxable","12":"purchasable","13":"product-type-simple"},"acf":[],"_links":{"self":[{"href":"https:\/\/beachwheelseurope.com\/fr\/wp-json\/wp\/v2\/product\/699","targetHints":{"allow":["GET"]}}],"collection":[{"href":"https:\/\/beachwheelseurope.com\/fr\/wp-json\/wp\/v2\/product"}],"about":[{"href":"https:\/\/beachwheelseurope.com\/fr\/wp-json\/wp\/v2\/types\/product"}],"replies":[{"embeddable":true,"href":"https:\/\/beachwheelseurope.com\/fr\/wp-json\/wp\/v2\/comments?post=699"}],"wp:featuredmedia":[{"embeddable":true,"href":"https:\/\/beachwheelseurope.com\/fr\/wp-json\/wp\/v2\/media\/700"}],"wp:attachment":[{"href":"https:\/\/beachwheelseurope.com\/fr\/wp-json\/wp\/v2\/media?parent=699"}],"wp:term":[{"taxonomy":"product_brand","embeddable":true,"href":"https:\/\/beachwheelseurope.com\/fr\/wp-json\/wp\/v2\/product_brand?post=699"},{"taxonomy":"product_cat","embeddable":true,"href":"https:\/\/beachwheelseurope.com\/fr\/wp-json\/wp\/v2\/product_cat?post=699"},{"taxonomy":"product_tag","embeddable":true,"href":"https:\/\/beachwheelseurope.com\/fr\/wp-json\/wp\/v2\/product_tag?post=699"}],"curies":[{"name":"wp","href":"https:\/\/api.w.org\/{rel}","templated":true}]}}