{"id":719,"date":"2023-05-31T18:03:22","date_gmt":"2023-05-31T16:03:22","guid":{"rendered":"https:\/\/beachwheelseurope.com\/?post_type=product&#038;p=719"},"modified":"2026-04-22T15:57:20","modified_gmt":"2026-04-22T13:57:20","slug":"kit-eje-con-ruedas-42ub-xl","status":"publish","type":"product","link":"https:\/\/beachwheelseurope.com\/fr\/produit\/kit-eje-con-ruedas-42ub-xl\/","title":{"rendered":"Kit d\u2019axe avec roues 42UB XL"},"content":{"rendered":"<p>Tipo de rueda: 2x Rueda globo de 42cm, paso de eje de 20mm<\/p>\n<p>Capacidad de carga \u00fatil: 118 kg<\/p>\n<p>Material del eje: De aluminio anodizado de grado marino<\/p>\n<p>Largo del eje: 20 mm x 101.5 cm<\/p>\n<p>Separaci\u00f3n entre ruedas: 58.9cm<\/p>\n<p>Material de la tornilleria: Acero inoxidable<\/p>\n<p>Agrega ruedas globo de baja presi\u00f3n para casi cualquier cosa. Transporta a trav\u00e9s de terrenos dif\u00edciles sin esfuerzo. Estos kits de eje con ruedas globo permiten una f\u00e1cil instalaci\u00f3n en generadores, cajas de almacenaje, cajas de herramientas, grandes refrigeradores, incluso cubos de basura. Los kits son perfectos para instalarlos t\u00fa mismo y poder crear tus propios proyectos y conversiones de equipos.<\/p>\n<p class=\" translation-block\">Los Kits de Eje para Ruedas incluyen:<br>\r\n2 \u2013 Ruedas<br>\r\n1 \u2013 Eje<br>\r\n1 \u2013 Juego de tornillos y anclajes (tambi\u00e9n disponibles por separado)<\/p>","protected":false},"excerpt":{"rendered":"<p>Tipo de rueda: 2x Rueda globo de 42cm, paso de eje de 20mm Capacidad de carga \u00fatil: 118 kg Material del eje: De aluminio anodizado de grado marino Largo del eje: 20 mm x 101.5 cm Separaci\u00f3n entre ruedas: 58.9cm Material de la tornilleria: Acero inoxidable Agrega ruedas globo de baja presi\u00f3n para casi cualquier [&hellip;]<\/p>","protected":false},"featured_media":718,"comment_status":"closed","ping_status":"closed","template":"","meta":{"_acf_changed":false,"_joinchat":[]},"product_brand":[],"product_cat":[43],"product_tag":[],"class_list":{"0":"post-719","1":"product","2":"type-product","3":"status-publish","4":"has-post-thumbnail","6":"product_cat-kit-eje-de-rueda","8":"first","9":"outofstock","10":"taxable","11":"shipping-taxable","12":"purchasable","13":"product-type-simple"},"acf":[],"_links":{"self":[{"href":"https:\/\/beachwheelseurope.com\/fr\/wp-json\/wp\/v2\/product\/719","targetHints":{"allow":["GET"]}}],"collection":[{"href":"https:\/\/beachwheelseurope.com\/fr\/wp-json\/wp\/v2\/product"}],"about":[{"href":"https:\/\/beachwheelseurope.com\/fr\/wp-json\/wp\/v2\/types\/product"}],"replies":[{"embeddable":true,"href":"https:\/\/beachwheelseurope.com\/fr\/wp-json\/wp\/v2\/comments?post=719"}],"wp:featuredmedia":[{"embeddable":true,"href":"https:\/\/beachwheelseurope.com\/fr\/wp-json\/wp\/v2\/media\/718"}],"wp:attachment":[{"href":"https:\/\/beachwheelseurope.com\/fr\/wp-json\/wp\/v2\/media?parent=719"}],"wp:term":[{"taxonomy":"product_brand","embeddable":true,"href":"https:\/\/beachwheelseurope.com\/fr\/wp-json\/wp\/v2\/product_brand?post=719"},{"taxonomy":"product_cat","embeddable":true,"href":"https:\/\/beachwheelseurope.com\/fr\/wp-json\/wp\/v2\/product_cat?post=719"},{"taxonomy":"product_tag","embeddable":true,"href":"https:\/\/beachwheelseurope.com\/fr\/wp-json\/wp\/v2\/product_tag?post=719"}],"curies":[{"name":"wp","href":"https:\/\/api.w.org\/{rel}","templated":true}]}}