{"id":730,"date":"2023-05-31T20:19:04","date_gmt":"2023-05-31T18:19:04","guid":{"rendered":"https:\/\/beachwheelseurope.com\/?post_type=product&#038;p=730"},"modified":"2026-04-22T15:55:28","modified_gmt":"2026-04-22T13:55:28","slug":"pomo-de-bloqueo-rapidox4","status":"publish","type":"product","link":"https:\/\/beachwheelseurope.com\/fr\/produit\/pomo-de-bloqueo-rapidox4\/","title":{"rendered":"Bouton de verrouillage rapide (x4)"},"content":{"rendered":"<div class=\"skuNumber\">\n<p>Pomos Twist Lock (TLKs) de repuesto para los ejes de 1\/2&#8243; de di\u00e1metro, ranurados, de acero inoxidable utilizados en los siguientes productos:<\/p>\n<p><a href=\"https:\/\/beachwheelseurope.com\/fr\/produit\/chariot-de-plage-pliable\/\">Carrito de playa plegable<\/a><br \/>\n<a href=\"https:\/\/beachwheelseurope.com\/fr\/produit\/chariot-de-plage-pliable-mini\/\">Carrito de playa plegable-Mini<\/a><br \/>\nCarrito Hobie TRAX<\/p>\n<\/div>\n<p>Pomo que facilita el bloqueo de la rueda con el eje. Pack de 4 unidades.<\/p>\n<p>El bloqueo de giro r\u00e1pido mantiene tus ruedas montadas de forma segura.Adem\u00e1s es muy f\u00e1cil de usar.<br \/>\n<strong>Mat\u00e9riaux:<\/strong>\u00a0Acero inoxidable y pl\u00e1stico<br \/>\n<strong>Nota:<\/strong>\u00a0Eje no incluido.<\/p>","protected":false},"excerpt":{"rendered":"<p>Pomo que facilita el bloqueo de la rueda con el eje. Pack de 4 unidades.<\/p>","protected":false},"featured_media":731,"comment_status":"closed","ping_status":"closed","template":"","meta":{"_acf_changed":false,"_joinchat":[]},"product_brand":[],"product_cat":[41,38,62,63,61],"product_tag":[],"class_list":{"0":"post-730","1":"product","2":"type-product","3":"status-publish","4":"has-post-thumbnail","6":"product_cat-accesorios","7":"product_cat-accesorios-y-recambios","8":"product_cat-carro-de-playa-plegable","9":"product_cat-carro-de-playa-plegable-mini","10":"product_cat-recambios-de-carros-de-playa","12":"first","13":"instock","14":"taxable","15":"shipping-taxable","16":"purchasable","17":"product-type-simple"},"acf":[],"_links":{"self":[{"href":"https:\/\/beachwheelseurope.com\/fr\/wp-json\/wp\/v2\/product\/730","targetHints":{"allow":["GET"]}}],"collection":[{"href":"https:\/\/beachwheelseurope.com\/fr\/wp-json\/wp\/v2\/product"}],"about":[{"href":"https:\/\/beachwheelseurope.com\/fr\/wp-json\/wp\/v2\/types\/product"}],"replies":[{"embeddable":true,"href":"https:\/\/beachwheelseurope.com\/fr\/wp-json\/wp\/v2\/comments?post=730"}],"wp:featuredmedia":[{"embeddable":true,"href":"https:\/\/beachwheelseurope.com\/fr\/wp-json\/wp\/v2\/media\/731"}],"wp:attachment":[{"href":"https:\/\/beachwheelseurope.com\/fr\/wp-json\/wp\/v2\/media?parent=730"}],"wp:term":[{"taxonomy":"product_brand","embeddable":true,"href":"https:\/\/beachwheelseurope.com\/fr\/wp-json\/wp\/v2\/product_brand?post=730"},{"taxonomy":"product_cat","embeddable":true,"href":"https:\/\/beachwheelseurope.com\/fr\/wp-json\/wp\/v2\/product_cat?post=730"},{"taxonomy":"product_tag","embeddable":true,"href":"https:\/\/beachwheelseurope.com\/fr\/wp-json\/wp\/v2\/product_tag?post=730"}],"curies":[{"name":"wp","href":"https:\/\/api.w.org\/{rel}","templated":true}]}}