{"id":740,"date":"2023-05-31T20:28:29","date_gmt":"2023-05-31T18:28:29","guid":{"rendered":"https:\/\/beachwheelseurope.com\/?post_type=product&#038;p=740"},"modified":"2026-04-22T15:37:24","modified_gmt":"2026-04-22T13:37:24","slug":"kit-del-neumatico-2","status":"publish","type":"product","link":"https:\/\/beachwheelseurope.com\/fr\/produit\/kit-del-neumatico-2\/","title":{"rendered":"Kit de pneu"},"content":{"rendered":"<p>Man\u00f3metro, mancha y tapon de las v\u00e1lvulas (rueda no incluida)<\/p>\n<p align=\"left\">El kit incluye:<\/p>\n<ul>\n<li>Instrucciones de reparaci\u00f3n del neum\u00e1tico<\/li>\n<li>Man\u00f3metro<\/li>\n<li>Mancha<\/li>\n<li>Conjunto de cuatro tapones de las v\u00e1lvulas.<\/li>\n<\/ul>","protected":false},"excerpt":{"rendered":"<p>Man\u00f3metro, mancha y tapon de las v\u00e1lvulas (rueda no incluida) El kit incluye: Instrucciones de reparaci\u00f3n del neum\u00e1tico Man\u00f3metro Mancha Conjunto de cuatro tapones de las v\u00e1lvulas.<\/p>","protected":false},"featured_media":741,"comment_status":"closed","ping_status":"closed","template":"","meta":{"_acf_changed":false,"_joinchat":[]},"product_brand":[],"product_cat":[41,38],"product_tag":[],"class_list":{"0":"post-740","1":"product","2":"type-product","3":"status-publish","4":"has-post-thumbnail","6":"product_cat-accesorios","7":"product_cat-accesorios-y-recambios","9":"first","10":"outofstock","11":"taxable","12":"shipping-taxable","13":"purchasable","14":"product-type-simple"},"acf":[],"_links":{"self":[{"href":"https:\/\/beachwheelseurope.com\/fr\/wp-json\/wp\/v2\/product\/740","targetHints":{"allow":["GET"]}}],"collection":[{"href":"https:\/\/beachwheelseurope.com\/fr\/wp-json\/wp\/v2\/product"}],"about":[{"href":"https:\/\/beachwheelseurope.com\/fr\/wp-json\/wp\/v2\/types\/product"}],"replies":[{"embeddable":true,"href":"https:\/\/beachwheelseurope.com\/fr\/wp-json\/wp\/v2\/comments?post=740"}],"wp:featuredmedia":[{"embeddable":true,"href":"https:\/\/beachwheelseurope.com\/fr\/wp-json\/wp\/v2\/media\/741"}],"wp:attachment":[{"href":"https:\/\/beachwheelseurope.com\/fr\/wp-json\/wp\/v2\/media?parent=740"}],"wp:term":[{"taxonomy":"product_brand","embeddable":true,"href":"https:\/\/beachwheelseurope.com\/fr\/wp-json\/wp\/v2\/product_brand?post=740"},{"taxonomy":"product_cat","embeddable":true,"href":"https:\/\/beachwheelseurope.com\/fr\/wp-json\/wp\/v2\/product_cat?post=740"},{"taxonomy":"product_tag","embeddable":true,"href":"https:\/\/beachwheelseurope.com\/fr\/wp-json\/wp\/v2\/product_tag?post=740"}],"curies":[{"name":"wp","href":"https:\/\/api.w.org\/{rel}","templated":true}]}}