{"id":906,"date":"2023-07-11T18:55:10","date_gmt":"2023-07-11T16:55:10","guid":{"rendered":"https:\/\/beachwheelseurope.com\/?post_type=product&#038;p=906"},"modified":"2026-04-22T17:37:22","modified_gmt":"2026-04-22T15:37:22","slug":"carro-mini-para-kayak-wheeleez-con-neumaticos-tuff","status":"publish","type":"product","link":"https:\/\/beachwheelseurope.com\/fr\/produit\/mini-chariot-pour-kayak-pneus-tuff\/","title":{"rendered":"Mini chariot pour kayak avec pneus Tuff"},"content":{"rendered":"<p>Le chariot pour kayak Kayak Cart Mini, \u00e9quip\u00e9 de roues Tuff, est sp\u00e9cialement con\u00e7u pour les kayaks de randonn\u00e9e et se plie pour s'adapter \u00e0 la plupart des trappes de kayak, m\u00eame les plus petites. Les roues Tuff Tires sont increvables et ne n\u00e9cessitent aucun entretien. Il offre une performance optimale sur les surfaces fermes ou dures et peut supporter une charge maximale de 55 kg.<\/p>","protected":false},"excerpt":{"rendered":"<p>Kayak Cart Mini con ruedas Tuff Tires est\u00e1 dise\u00f1ado espec\u00edficamente para kayaks de turismo y es plegable para caber en la mayor\u00eda de las escotillas de kayak, incluidas las escotillas de d\u00eda m\u00e1s peque\u00f1as.\u00a0Las ruedas de los neum\u00e1ticos Tuff no requieren mantenimiento y nunca se desinflan. Mejor en terreno firme o de superficie dura y [&hellip;]<\/p>","protected":false},"featured_media":907,"comment_status":"closed","ping_status":"closed","template":"","meta":{"_acf_changed":false,"_joinchat":[]},"product_brand":[],"product_cat":[30],"product_tag":[],"class_list":{"0":"post-906","1":"product","2":"type-product","3":"status-publish","4":"has-post-thumbnail","6":"product_cat-carros-para-kayak","8":"first","9":"instock","10":"taxable","11":"shipping-taxable","12":"purchasable","13":"product-type-simple"},"acf":[],"_links":{"self":[{"href":"https:\/\/beachwheelseurope.com\/fr\/wp-json\/wp\/v2\/product\/906","targetHints":{"allow":["GET"]}}],"collection":[{"href":"https:\/\/beachwheelseurope.com\/fr\/wp-json\/wp\/v2\/product"}],"about":[{"href":"https:\/\/beachwheelseurope.com\/fr\/wp-json\/wp\/v2\/types\/product"}],"replies":[{"embeddable":true,"href":"https:\/\/beachwheelseurope.com\/fr\/wp-json\/wp\/v2\/comments?post=906"}],"wp:featuredmedia":[{"embeddable":true,"href":"https:\/\/beachwheelseurope.com\/fr\/wp-json\/wp\/v2\/media\/907"}],"wp:attachment":[{"href":"https:\/\/beachwheelseurope.com\/fr\/wp-json\/wp\/v2\/media?parent=906"}],"wp:term":[{"taxonomy":"product_brand","embeddable":true,"href":"https:\/\/beachwheelseurope.com\/fr\/wp-json\/wp\/v2\/product_brand?post=906"},{"taxonomy":"product_cat","embeddable":true,"href":"https:\/\/beachwheelseurope.com\/fr\/wp-json\/wp\/v2\/product_cat?post=906"},{"taxonomy":"product_tag","embeddable":true,"href":"https:\/\/beachwheelseurope.com\/fr\/wp-json\/wp\/v2\/product_tag?post=906"}],"curies":[{"name":"wp","href":"https:\/\/api.w.org\/{rel}","templated":true}]}}